{"id":2951,"date":"2021-11-17T15:56:30","date_gmt":"2021-11-17T14:56:30","guid":{"rendered":"https:\/\/gwsd.preview.tammen.de\/?page_id=2951"},"modified":"2023-06-26T22:11:23","modified_gmt":"2023-06-26T20:11:23","slug":"wegbegleiter","status":"publish","type":"page","link":"https:\/\/glasatelier-westphal.de\/de\/wegbegleiter\/","title":{"rendered":"Wegbegleiter"},"content":{"rendered":"\t\t<div data-elementor-type=\"wp-page\" data-elementor-id=\"2951\" class=\"elementor elementor-2951\" data-elementor-post-type=\"page\">\n\t\t\t\t\t\t<section class=\"has_ae_slider elementor-section elementor-top-section elementor-element elementor-element-416853c elementor-section-full_width elementor-section-height-default elementor-section-height-default ae-bg-gallery-type-default\" data-id=\"416853c\" data-element_type=\"section\" data-e-type=\"section\" data-settings=\"{&quot;background_background&quot;:&quot;classic&quot;}\">\n\t\t\t\t\t\t<div class=\"elementor-container elementor-column-gap-no\">\n\t\t\t\t\t<div class=\"has_ae_slider elementor-column elementor-col-100 elementor-top-column elementor-element elementor-element-d4e7f1a ae-bg-gallery-type-default\" data-id=\"d4e7f1a\" data-element_type=\"column\" data-e-type=\"column\">\n\t\t\t<div class=\"elementor-widget-wrap elementor-element-populated\">\n\t\t\t\t\t\t<section class=\"has_ae_slider elementor-section elementor-inner-section elementor-element elementor-element-37d8e74 elementor-section-boxed elementor-section-height-default elementor-section-height-default ae-bg-gallery-type-default\" data-id=\"37d8e74\" data-element_type=\"section\" data-e-type=\"section\">\n\t\t\t\t\t\t<div class=\"elementor-container elementor-column-gap-default\">\n\t\t\t\t\t<div class=\"has_ae_slider elementor-column elementor-col-50 elementor-inner-column elementor-element elementor-element-7146672 ae-bg-gallery-type-default\" data-id=\"7146672\" data-element_type=\"column\" data-e-type=\"column\">\n\t\t\t<div class=\"elementor-widget-wrap\">\n\t\t\t\t\t\t\t<\/div>\n\t\t<\/div>\n\t\t\t\t<div class=\"has_ae_slider elementor-column elementor-col-50 elementor-inner-column elementor-element elementor-element-010dec8 ae-bg-gallery-type-default\" data-id=\"010dec8\" data-element_type=\"column\" data-e-type=\"column\">\n\t\t\t<div class=\"elementor-widget-wrap elementor-element-populated\">\n\t\t\t\t\t\t<div class=\"elementor-element elementor-element-410ce26 elementor-widget elementor-widget-text-editor\" data-id=\"410ce26\" data-element_type=\"widget\" data-e-type=\"widget\" data-widget_type=\"text-editor.default\">\n\t\t\t\t<div class=\"elementor-widget-container\">\n\t\t\t\t\t\t\t\t\t<h3><em>\u00bb\u00ab<\/em><\/h3><p><em>&#8222;Wenn ich von einem Menschen einen Kopf aus Glas mache<br \/><\/em><em style=\"color: var( --e-global-color-primary ); font-size: 1rem; background-color: var( --e-global-color-2c9bc4b );\">und wir dann gemeinsam so richtig Tr\u00e4nen dar\u00fcber lachen k\u00f6nnen,<br \/><\/em><em style=\"color: var( --e-global-color-primary ); font-size: 1rem; background-color: var( --e-global-color-2c9bc4b );\">dann kann es geschehen, dass wir gute Freunde werden.&#8220;<\/em><\/p>\t\t\t\t\t\t\t\t<\/div>\n\t\t\t\t<\/div>\n\t\t\t\t\t<\/div>\n\t\t<\/div>\n\t\t\t\t\t<\/div>\n\t\t<\/section>\n\t\t\t\t<div class=\"elementor-element elementor-element-9f4593b elementor-widget elementor-widget-spacer\" data-id=\"9f4593b\" data-element_type=\"widget\" data-e-type=\"widget\" data-widget_type=\"spacer.default\">\n\t\t\t\t<div class=\"elementor-widget-container\">\n\t\t\t\t\t\t\t<div class=\"elementor-spacer\">\n\t\t\t<div class=\"elementor-spacer-inner\"><\/div>\n\t\t<\/div>\n\t\t\t\t\t\t<\/div>\n\t\t\t\t<\/div>\n\t\t\t\t<div class=\"elementor-element elementor-element-36adf7d elementor-widget elementor-widget-heading\" data-id=\"36adf7d\" data-element_type=\"widget\" data-e-type=\"widget\" data-widget_type=\"heading.default\">\n\t\t\t\t<div class=\"elementor-widget-container\">\n\t\t\t\t\t<h2 class=\"elementor-heading-title elementor-size-default\">Weg&shy;begleiter<\/h2>\t\t\t\t<\/div>\n\t\t\t\t<\/div>\n\t\t\t\t<div class=\"elementor-element elementor-element-674c3f9 elementor-widget elementor-widget-text-editor\" data-id=\"674c3f9\" data-element_type=\"widget\" data-e-type=\"widget\" data-widget_type=\"text-editor.default\">\n\t\t\t\t<div class=\"elementor-widget-container\">\n\t\t\t\t\t\t\t\t\t<p>Meine Freundschaften haben sich in vielen F\u00e4llen aus intensiver Zusammenarbeit ergeben. Sie bietet den idealen Rahmen, sich wirklich und intensiv kennenzulernen. Denn wenn man <span style=\"background-color: var( --e-global-color-2c9bc4b ); color: var( --e-global-color-text ); font-size: 1rem;\">gemeinsam anspruchsvolle Dinge schafft, mit denen dann alle\u00a0<\/span><span style=\"background-color: var( --e-global-color-2c9bc4b ); color: var( --e-global-color-text ); font-size: 1rem;\">Beteiligten irgendwann zufrieden sind, dann wird jeder in seiner Art vollst\u00e4ndig transparent. Wie mein Werkstoff Glas. <\/span><span style=\"background-color: var( --e-global-color-2c9bc4b ); color: var( --e-global-color-text ); font-size: 1rem;\">Dann erkenne ich, was ich a<\/span><span style=\"background-color: var( --e-global-color-2c9bc4b ); color: var( --e-global-color-text ); font-size: 1rem;\">m Anderen habe. Und ob ich es akzeptieren kann. Oder nicht.<\/span><\/p>\t\t\t\t\t\t\t\t<\/div>\n\t\t\t\t<\/div>\n\t\t\t\t\t<\/div>\n\t\t<\/div>\n\t\t\t\t\t<\/div>\n\t\t<\/section>\n\t\t\t\t<section class=\"has_ae_slider elementor-section elementor-top-section elementor-element elementor-element-4c23e83 elementor-section-boxed elementor-section-height-default elementor-section-height-default ae-bg-gallery-type-default\" data-id=\"4c23e83\" data-element_type=\"section\" data-e-type=\"section\">\n\t\t\t\t\t\t<div class=\"elementor-container elementor-column-gap-default\">\n\t\t\t\t\t<div class=\"has_ae_slider elementor-column elementor-col-100 elementor-top-column elementor-element elementor-element-27b5781 ae-bg-gallery-type-default\" data-id=\"27b5781\" data-element_type=\"column\" data-e-type=\"column\">\n\t\t\t<div class=\"elementor-widget-wrap elementor-element-populated\">\n\t\t\t\t\t\t<div class=\"elementor-element elementor-element-b93980b elementor-widget elementor-widget-spacer\" data-id=\"b93980b\" data-element_type=\"widget\" data-e-type=\"widget\" data-widget_type=\"spacer.default\">\n\t\t\t\t<div class=\"elementor-widget-container\">\n\t\t\t\t\t\t\t<div class=\"elementor-spacer\">\n\t\t\t<div class=\"elementor-spacer-inner\"><\/div>\n\t\t<\/div>\n\t\t\t\t\t\t<\/div>\n\t\t\t\t<\/div>\n\t\t\t\t\t<\/div>\n\t\t<\/div>\n\t\t\t\t\t<\/div>\n\t\t<\/section>\n\t\t\t\t<section class=\"has_ae_slider elementor-section elementor-top-section elementor-element elementor-element-f25bf2c elementor-section-boxed elementor-section-height-default elementor-section-height-default ae-bg-gallery-type-default\" data-id=\"f25bf2c\" data-element_type=\"section\" data-e-type=\"section\">\n\t\t\t\t\t\t<div class=\"elementor-container elementor-column-gap-default\">\n\t\t\t\t\t<div class=\"has_ae_slider elementor-column elementor-col-50 elementor-top-column elementor-element elementor-element-389a20e ae-bg-gallery-type-default\" data-id=\"389a20e\" data-element_type=\"column\" data-e-type=\"column\">\n\t\t\t<div class=\"elementor-widget-wrap elementor-element-populated\">\n\t\t\t\t\t\t<div class=\"elementor-element elementor-element-2922e2b elementor-widget elementor-widget-image\" data-id=\"2922e2b\" data-element_type=\"widget\" data-e-type=\"widget\" data-widget_type=\"image.default\">\n\t\t\t\t<div class=\"elementor-widget-container\">\n\t\t\t\t\t\t\t\t\t\t\t\t\t\t\t<img fetchpriority=\"high\" decoding=\"async\" width=\"800\" height=\"538\" src=\"https:\/\/glasatelier-westphal.de\/wp-content\/uploads\/2022\/01\/freunde-glasatelier-hans-juergen-westphal-sylt-schondorf-ammersee-2021-01-04-freier-1024x688.jpg\" class=\"attachment-large size-large wp-image-3741\" alt=\"\" srcset=\"https:\/\/glasatelier-westphal.de\/wp-content\/uploads\/2022\/01\/freunde-glasatelier-hans-juergen-westphal-sylt-schondorf-ammersee-2021-01-04-freier-1024x688.jpg 1024w, https:\/\/glasatelier-westphal.de\/wp-content\/uploads\/2022\/01\/freunde-glasatelier-hans-juergen-westphal-sylt-schondorf-ammersee-2021-01-04-freier-300x201.jpg 300w, https:\/\/glasatelier-westphal.de\/wp-content\/uploads\/2022\/01\/freunde-glasatelier-hans-juergen-westphal-sylt-schondorf-ammersee-2021-01-04-freier-150x101.jpg 150w, https:\/\/glasatelier-westphal.de\/wp-content\/uploads\/2022\/01\/freunde-glasatelier-hans-juergen-westphal-sylt-schondorf-ammersee-2021-01-04-freier-768x516.jpg 768w, https:\/\/glasatelier-westphal.de\/wp-content\/uploads\/2022\/01\/freunde-glasatelier-hans-juergen-westphal-sylt-schondorf-ammersee-2021-01-04-freier-600x403.jpg 600w, https:\/\/glasatelier-westphal.de\/wp-content\/uploads\/2022\/01\/freunde-glasatelier-hans-juergen-westphal-sylt-schondorf-ammersee-2021-01-04-freier.jpg 1400w\" sizes=\"(max-width: 800px) 100vw, 800px\" \/>\t\t\t\t\t\t\t\t\t\t\t\t\t\t\t<\/div>\n\t\t\t\t<\/div>\n\t\t\t\t<div class=\"elementor-element elementor-element-b45ae9b elementor-widget elementor-widget-heading\" data-id=\"b45ae9b\" data-element_type=\"widget\" data-e-type=\"widget\" data-widget_type=\"heading.default\">\n\t\t\t\t<div class=\"elementor-widget-container\">\n\t\t\t\t\t<h3 class=\"elementor-heading-title elementor-size-default\">Christoph Freier<\/h3>\t\t\t\t<\/div>\n\t\t\t\t<\/div>\n\t\t\t\t<div class=\"elementor-element elementor-element-33e494f elementor-widget elementor-widget-text-editor\" data-id=\"33e494f\" data-element_type=\"widget\" data-e-type=\"widget\" data-widget_type=\"text-editor.default\">\n\t\t\t\t<div class=\"elementor-widget-container\">\n\t\t\t\t\t\t\t\t\t<p style=\"text-align: center;\"><b>GOLDSCHMIED IN KEITUM<\/b><\/p><p style=\"text-align: center;\"><span style=\"color: var( --e-global-color-text ); font-size: 1rem;\">\u201eBegegnungen mit Ha J\u00fc sind immer wieder spannend, <\/span><span style=\"color: var( --e-global-color-text ); font-size: 1rem;\">bringen neue Sichtweisen, Anforderungen, Ideen! <\/span><span style=\"color: var( --e-global-color-text ); font-size: 1rem;\">Ich freue mich, wenn ich Zeit mit ihm verbringen kann!<\/span><span style=\"color: var( --e-global-color-text ); font-size: 1rem;\">&#8222;<\/span><\/p><p style=\"text-align: center;\"><a href=\"https:\/\/www.gold-silberwerkstatt.de\/\" target=\"_blank\" rel=\"noopener\">www.gold-silberwerkstatt.de<\/a><span style=\"color: var( --e-global-color-text ); font-size: 1rem;\"><br \/><\/span><\/p>\t\t\t\t\t\t\t\t<\/div>\n\t\t\t\t<\/div>\n\t\t\t\t\t<\/div>\n\t\t<\/div>\n\t\t\t\t<div class=\"has_ae_slider elementor-column elementor-col-50 elementor-top-column elementor-element elementor-element-6951644 ae-bg-gallery-type-default\" data-id=\"6951644\" data-element_type=\"column\" data-e-type=\"column\">\n\t\t\t<div class=\"elementor-widget-wrap elementor-element-populated\">\n\t\t\t\t\t\t<div class=\"elementor-element elementor-element-5e47767 elementor-widget elementor-widget-image\" data-id=\"5e47767\" data-element_type=\"widget\" data-e-type=\"widget\" data-widget_type=\"image.default\">\n\t\t\t\t<div class=\"elementor-widget-container\">\n\t\t\t\t\t\t\t\t\t\t\t\t\t\t\t<img decoding=\"async\" width=\"800\" height=\"538\" src=\"https:\/\/glasatelier-westphal.de\/wp-content\/uploads\/2022\/01\/freunde-glasatelier-hans-juergen-westphal-sylt-schondorf-ammersee-2021-01-03-goecke-1024x688.jpg\" class=\"attachment-large size-large wp-image-3739\" alt=\"\" srcset=\"https:\/\/glasatelier-westphal.de\/wp-content\/uploads\/2022\/01\/freunde-glasatelier-hans-juergen-westphal-sylt-schondorf-ammersee-2021-01-03-goecke-1024x688.jpg 1024w, https:\/\/glasatelier-westphal.de\/wp-content\/uploads\/2022\/01\/freunde-glasatelier-hans-juergen-westphal-sylt-schondorf-ammersee-2021-01-03-goecke-300x201.jpg 300w, https:\/\/glasatelier-westphal.de\/wp-content\/uploads\/2022\/01\/freunde-glasatelier-hans-juergen-westphal-sylt-schondorf-ammersee-2021-01-03-goecke-150x101.jpg 150w, https:\/\/glasatelier-westphal.de\/wp-content\/uploads\/2022\/01\/freunde-glasatelier-hans-juergen-westphal-sylt-schondorf-ammersee-2021-01-03-goecke-768x516.jpg 768w, https:\/\/glasatelier-westphal.de\/wp-content\/uploads\/2022\/01\/freunde-glasatelier-hans-juergen-westphal-sylt-schondorf-ammersee-2021-01-03-goecke-600x403.jpg 600w, https:\/\/glasatelier-westphal.de\/wp-content\/uploads\/2022\/01\/freunde-glasatelier-hans-juergen-westphal-sylt-schondorf-ammersee-2021-01-03-goecke.jpg 1400w\" sizes=\"(max-width: 800px) 100vw, 800px\" \/>\t\t\t\t\t\t\t\t\t\t\t\t\t\t\t<\/div>\n\t\t\t\t<\/div>\n\t\t\t\t<div class=\"elementor-element elementor-element-93655d4 elementor-widget elementor-widget-heading\" data-id=\"93655d4\" data-element_type=\"widget\" data-e-type=\"widget\" data-widget_type=\"heading.default\">\n\t\t\t\t<div class=\"elementor-widget-container\">\n\t\t\t\t\t<h3 class=\"elementor-heading-title elementor-size-default\">Monika Goecke<\/h3>\t\t\t\t<\/div>\n\t\t\t\t<\/div>\n\t\t\t\t<div class=\"elementor-element elementor-element-116f4fb elementor-widget elementor-widget-text-editor\" data-id=\"116f4fb\" data-element_type=\"widget\" data-e-type=\"widget\" data-widget_type=\"text-editor.default\">\n\t\t\t\t<div class=\"elementor-widget-container\">\n\t\t\t\t\t\t\t\t\t<p style=\"text-align: center;\"><strong>FOTOGRAFIN &amp; DESIGNERIN<\/strong><\/p><p style=\"text-align: center;\"><span style=\"color: var( --e-global-color-text ); font-size: 1rem;\">Die Arbeiten von Ha J\u00fc ins richtige Licht <\/span><span style=\"color: var( --e-global-color-text ); font-size: 1rem;\">zu setzen und zu fotografieren ist immer wieder eine Herausforderung. Wenn wir dann beide zufrieden sind, ist das die sch\u00f6nste Belohnung.<\/span><\/p><p style=\"text-align: center;\"><span style=\"color: var( --e-global-color-text ); font-size: 1rem;\"><a title=\"Monika Goecke\" href=\"https:\/\/www.m-o-n-o.de\/\" target=\"_blank\" rel=\"noopener\">www.m-o-n-o.de<\/a><br \/><\/span><\/p>\t\t\t\t\t\t\t\t<\/div>\n\t\t\t\t<\/div>\n\t\t\t\t\t<\/div>\n\t\t<\/div>\n\t\t\t\t\t<\/div>\n\t\t<\/section>\n\t\t\t\t<section class=\"has_ae_slider elementor-section elementor-top-section elementor-element elementor-element-91a2566 elementor-section-boxed elementor-section-height-default elementor-section-height-default ae-bg-gallery-type-default\" data-id=\"91a2566\" data-element_type=\"section\" data-e-type=\"section\">\n\t\t\t\t\t\t<div class=\"elementor-container elementor-column-gap-default\">\n\t\t\t\t\t<div class=\"has_ae_slider elementor-column elementor-col-50 elementor-top-column elementor-element elementor-element-072b5d8 ae-bg-gallery-type-default\" data-id=\"072b5d8\" data-element_type=\"column\" data-e-type=\"column\">\n\t\t\t<div class=\"elementor-widget-wrap elementor-element-populated\">\n\t\t\t\t\t\t<div class=\"elementor-element elementor-element-3683f14 elementor-widget elementor-widget-image\" data-id=\"3683f14\" data-element_type=\"widget\" data-e-type=\"widget\" data-widget_type=\"image.default\">\n\t\t\t\t<div class=\"elementor-widget-container\">\n\t\t\t\t\t\t\t\t\t\t\t\t\t\t\t<img decoding=\"async\" width=\"800\" height=\"538\" src=\"https:\/\/glasatelier-westphal.de\/wp-content\/uploads\/2022\/01\/freunde-glasatelier-hans-juergen-westphal-sylt-schondorf-ammersee-2021-01-02-tammen-1024x688.jpg\" class=\"attachment-large size-large wp-image-3737\" alt=\"\" srcset=\"https:\/\/glasatelier-westphal.de\/wp-content\/uploads\/2022\/01\/freunde-glasatelier-hans-juergen-westphal-sylt-schondorf-ammersee-2021-01-02-tammen-1024x688.jpg 1024w, https:\/\/glasatelier-westphal.de\/wp-content\/uploads\/2022\/01\/freunde-glasatelier-hans-juergen-westphal-sylt-schondorf-ammersee-2021-01-02-tammen-300x201.jpg 300w, https:\/\/glasatelier-westphal.de\/wp-content\/uploads\/2022\/01\/freunde-glasatelier-hans-juergen-westphal-sylt-schondorf-ammersee-2021-01-02-tammen-150x101.jpg 150w, https:\/\/glasatelier-westphal.de\/wp-content\/uploads\/2022\/01\/freunde-glasatelier-hans-juergen-westphal-sylt-schondorf-ammersee-2021-01-02-tammen-768x516.jpg 768w, https:\/\/glasatelier-westphal.de\/wp-content\/uploads\/2022\/01\/freunde-glasatelier-hans-juergen-westphal-sylt-schondorf-ammersee-2021-01-02-tammen-600x403.jpg 600w, https:\/\/glasatelier-westphal.de\/wp-content\/uploads\/2022\/01\/freunde-glasatelier-hans-juergen-westphal-sylt-schondorf-ammersee-2021-01-02-tammen.jpg 1400w\" sizes=\"(max-width: 800px) 100vw, 800px\" \/>\t\t\t\t\t\t\t\t\t\t\t\t\t\t\t<\/div>\n\t\t\t\t<\/div>\n\t\t\t\t<div class=\"elementor-element elementor-element-7b74809 elementor-widget elementor-widget-heading\" data-id=\"7b74809\" data-element_type=\"widget\" data-e-type=\"widget\" data-widget_type=\"heading.default\">\n\t\t\t\t<div class=\"elementor-widget-container\">\n\t\t\t\t\t<h3 class=\"elementor-heading-title elementor-size-default\">Rolf Tammen<\/h3>\t\t\t\t<\/div>\n\t\t\t\t<\/div>\n\t\t\t\t<div class=\"elementor-element elementor-element-70a4ce7 elementor-widget elementor-widget-text-editor\" data-id=\"70a4ce7\" data-element_type=\"widget\" data-e-type=\"widget\" data-widget_type=\"text-editor.default\">\n\t\t\t\t<div class=\"elementor-widget-container\">\n\t\t\t\t\t\t\t\t\t<p style=\"text-align: center;\"><strong>WERBER<\/strong><\/p><p style=\"text-align: center;\">&#8222;Sch\u00f6n ist es, wenn ich Freunden mit meiner Arbeit helfen kann!&#8220;<\/p><p style=\"text-align: center;\"><span style=\"color: var( --e-global-color-text ); font-size: 1rem;\"><a href=\"https:\/\/tammen.de\">www.tammen.de<\/a><\/span><\/p>\t\t\t\t\t\t\t\t<\/div>\n\t\t\t\t<\/div>\n\t\t\t\t\t<\/div>\n\t\t<\/div>\n\t\t\t\t<div class=\"has_ae_slider elementor-column elementor-col-50 elementor-top-column elementor-element elementor-element-e69839d ae-bg-gallery-type-default\" data-id=\"e69839d\" data-element_type=\"column\" data-e-type=\"column\">\n\t\t\t<div class=\"elementor-widget-wrap elementor-element-populated\">\n\t\t\t\t\t\t<div class=\"elementor-element elementor-element-747ef1c elementor-widget elementor-widget-image\" data-id=\"747ef1c\" data-element_type=\"widget\" data-e-type=\"widget\" data-widget_type=\"image.default\">\n\t\t\t\t<div class=\"elementor-widget-container\">\n\t\t\t\t\t\t\t\t\t\t\t\t\t\t\t<img loading=\"lazy\" decoding=\"async\" width=\"800\" height=\"538\" src=\"https:\/\/glasatelier-westphal.de\/wp-content\/uploads\/2023\/02\/freunde-glasatelier-hans-juergen-westphal-sylt-schondorf-ammersee-2023-01-04-vom-hofe-1024x688.jpg\" class=\"attachment-large size-large wp-image-6551\" alt=\"\" srcset=\"https:\/\/glasatelier-westphal.de\/wp-content\/uploads\/2023\/02\/freunde-glasatelier-hans-juergen-westphal-sylt-schondorf-ammersee-2023-01-04-vom-hofe-1024x688.jpg 1024w, https:\/\/glasatelier-westphal.de\/wp-content\/uploads\/2023\/02\/freunde-glasatelier-hans-juergen-westphal-sylt-schondorf-ammersee-2023-01-04-vom-hofe-300x201.jpg 300w, https:\/\/glasatelier-westphal.de\/wp-content\/uploads\/2023\/02\/freunde-glasatelier-hans-juergen-westphal-sylt-schondorf-ammersee-2023-01-04-vom-hofe-150x101.jpg 150w, https:\/\/glasatelier-westphal.de\/wp-content\/uploads\/2023\/02\/freunde-glasatelier-hans-juergen-westphal-sylt-schondorf-ammersee-2023-01-04-vom-hofe-768x516.jpg 768w, https:\/\/glasatelier-westphal.de\/wp-content\/uploads\/2023\/02\/freunde-glasatelier-hans-juergen-westphal-sylt-schondorf-ammersee-2023-01-04-vom-hofe-600x403.jpg 600w, https:\/\/glasatelier-westphal.de\/wp-content\/uploads\/2023\/02\/freunde-glasatelier-hans-juergen-westphal-sylt-schondorf-ammersee-2023-01-04-vom-hofe.jpg 1400w\" sizes=\"(max-width: 800px) 100vw, 800px\" \/>\t\t\t\t\t\t\t\t\t\t\t\t\t\t\t<\/div>\n\t\t\t\t<\/div>\n\t\t\t\t<div class=\"elementor-element elementor-element-fe803cd elementor-widget elementor-widget-heading\" data-id=\"fe803cd\" data-element_type=\"widget\" data-e-type=\"widget\" data-widget_type=\"heading.default\">\n\t\t\t\t<div class=\"elementor-widget-container\">\n\t\t\t\t\t<h3 class=\"elementor-heading-title elementor-size-default\">Walter vom Hofe<\/h3>\t\t\t\t<\/div>\n\t\t\t\t<\/div>\n\t\t\t\t<div class=\"elementor-element elementor-element-897a280 elementor-widget elementor-widget-text-editor\" data-id=\"897a280\" data-element_type=\"widget\" data-e-type=\"widget\" data-widget_type=\"text-editor.default\">\n\t\t\t\t<div class=\"elementor-widget-container\">\n\t\t\t\t\t\t\t\t\t<p style=\"text-align: center;\"><b>MALER<\/b><\/p>\n<p style=\"text-align: center;\">Mit Walter unternehme ich KreativReisen und freue mich auf unsere Gespr\u00e4che und Diskussionen. Ha J\u00fc<\/p>\t\t\t\t\t\t\t\t<\/div>\n\t\t\t\t<\/div>\n\t\t<!-- dce invisible element 42cb8d6 -->\t\t\t<\/div>\n\t\t<\/div>\n\t\t\t\t\t<\/div>\n\t\t<\/section>\n\t\t\t\t<\/div>\n\t\t","protected":false},"excerpt":{"rendered":"<p>\u00bb\u00ab &#8222;Wenn ich von einem Menschen einen Kopf aus Glas macheund wir dann gemeinsam so richtig Tr\u00e4nen dar\u00fcber lachen k\u00f6nnen,dann kann es geschehen, dass wir gute Freunde werden.&#8220; Weg&shy;begleiter Meine Freundschaften haben sich in vielen F\u00e4llen aus intensiver Zusammenarbeit ergeben. Sie bietet den idealen Rahmen, sich wirklich und intensiv kennenzulernen. Denn wenn man gemeinsam anspruchsvolle [&hellip;]<\/p>\n","protected":false},"author":1,"featured_media":0,"parent":0,"menu_order":9,"comment_status":"closed","ping_status":"closed","template":"","meta":{"_acf_changed":false,"inline_featured_image":false,"footnotes":""},"class_list":["post-2951","page","type-page","status-publish","hentry"],"acf":[],"_links":{"self":[{"href":"https:\/\/glasatelier-westphal.de\/de\/wp-json\/wp\/v2\/pages\/2951","targetHints":{"allow":["GET"]}}],"collection":[{"href":"https:\/\/glasatelier-westphal.de\/de\/wp-json\/wp\/v2\/pages"}],"about":[{"href":"https:\/\/glasatelier-westphal.de\/de\/wp-json\/wp\/v2\/types\/page"}],"author":[{"embeddable":true,"href":"https:\/\/glasatelier-westphal.de\/de\/wp-json\/wp\/v2\/users\/1"}],"replies":[{"embeddable":true,"href":"https:\/\/glasatelier-westphal.de\/de\/wp-json\/wp\/v2\/comments?post=2951"}],"version-history":[{"count":5,"href":"https:\/\/glasatelier-westphal.de\/de\/wp-json\/wp\/v2\/pages\/2951\/revisions"}],"predecessor-version":[{"id":6616,"href":"https:\/\/glasatelier-westphal.de\/de\/wp-json\/wp\/v2\/pages\/2951\/revisions\/6616"}],"wp:attachment":[{"href":"https:\/\/glasatelier-westphal.de\/de\/wp-json\/wp\/v2\/media?parent=2951"}],"curies":[{"name":"wp","href":"https:\/\/api.w.org\/{rel}","templated":true}]}}