{"id":3848,"date":"2022-01-14T09:23:48","date_gmt":"2022-01-14T08:23:48","guid":{"rendered":"https:\/\/gwsd.preview.tammen.de\/?page_id=3848"},"modified":"2022-05-16T21:36:17","modified_gmt":"2022-05-16T19:36:17","slug":"ausstellung-kalender-ammersee","status":"publish","type":"page","link":"https:\/\/glasatelier-westphal.de\/de\/ausstellungen\/ausstellung-kalender-ammersee\/","title":{"rendered":"Ausstellung Kalender Ammersee"},"content":{"rendered":"\t\t<div data-elementor-type=\"wp-page\" data-elementor-id=\"3848\" class=\"elementor elementor-3848\" data-elementor-post-type=\"page\">\n\t\t\t\t\t\t<section class=\"has_ae_slider elementor-section elementor-top-section elementor-element elementor-element-13dfd01 elementor-section-full_width elementor-section-height-default elementor-section-height-default ae-bg-gallery-type-default\" data-id=\"13dfd01\" data-element_type=\"section\" data-e-type=\"section\">\n\t\t\t\t\t\t<div class=\"elementor-container elementor-column-gap-no\">\n\t\t\t\t\t<div class=\"has_ae_slider elementor-column elementor-col-100 elementor-top-column elementor-element elementor-element-b45f9ac ae-bg-gallery-type-default\" data-id=\"b45f9ac\" data-element_type=\"column\" data-e-type=\"column\" data-settings=\"{&quot;background_background&quot;:&quot;classic&quot;}\">\n\t\t\t<div class=\"elementor-widget-wrap elementor-element-populated\">\n\t\t\t\t\t<div class=\"elementor-background-overlay\"><\/div>\n\t\t\t\t\t\t<div class=\"elementor-element elementor-element-e429048 elementor-widget elementor-widget-spacer\" data-id=\"e429048\" data-element_type=\"widget\" data-e-type=\"widget\" data-widget_type=\"spacer.default\">\n\t\t\t\t<div class=\"elementor-widget-container\">\n\t\t\t\t\t\t\t<div class=\"elementor-spacer\">\n\t\t\t<div class=\"elementor-spacer-inner\"><\/div>\n\t\t<\/div>\n\t\t\t\t\t\t<\/div>\n\t\t\t\t<\/div>\n\t\t\t\t<div class=\"elementor-element elementor-element-968a278 elementor-widget elementor-widget-text-editor\" data-id=\"968a278\" data-element_type=\"widget\" data-e-type=\"widget\" data-widget_type=\"text-editor.default\">\n\t\t\t\t<div class=\"elementor-widget-container\">\n\t\t\t\t\t\t\t\t\t<p>AUSSTELLUNG<\/p><p>\u00a0<\/p>\t\t\t\t\t\t\t\t<\/div>\n\t\t\t\t<\/div>\n\t\t\t\t<div class=\"elementor-element elementor-element-df5a8d5 elementor-widget elementor-widget-image\" data-id=\"df5a8d5\" data-element_type=\"widget\" data-e-type=\"widget\" data-widget_type=\"image.default\">\n\t\t\t\t<div class=\"elementor-widget-container\">\n\t\t\t\t\t\t\t\t\t\t\t\t\t\t\t<img fetchpriority=\"high\" decoding=\"async\" width=\"1469\" height=\"190\" src=\"https:\/\/glasatelier-westphal.de\/wp-content\/uploads\/2021\/11\/kalender-ammersee-glasatelier-hans-juergen-westphal-sylt-schondorf-2021-01.svg\" class=\"attachment-full size-full wp-image-3132\" alt=\"\" \/>\t\t\t\t\t\t\t\t\t\t\t\t\t\t\t<\/div>\n\t\t\t\t<\/div>\n\t\t\t\t<div class=\"elementor-element elementor-element-ddab1b2 elementor-widget elementor-widget-text-editor\" data-id=\"ddab1b2\" data-element_type=\"widget\" data-e-type=\"widget\" data-widget_type=\"text-editor.default\">\n\t\t\t\t<div class=\"elementor-widget-container\">\n\t\t\t\t\t\t\t\t\t<p>Die Ausstellung \u00bbA m m e r s e e .\u00a0 \u00a0Wechselnde Horizonte\u00ab ist zur Zeit im Gartenhaus in Schondorf zu sehen. Hin und wieder \u2013 wenn Interessierte wirklich interessiert sind \u2013 gibt es dort eine F\u00fchrung durch den K\u00fcnstler selbst. Seine Erl\u00e4uterungen zeigen Wege auf, zu verstehen; seinen G\u00e4sten bleibt es \u00fcberlassen, ihnen zu folgen und ihr pers\u00f6nliches Erleben in seinen Bildern zu finden.<\/p>\t\t\t\t\t\t\t\t<\/div>\n\t\t\t\t<\/div>\n\t\t\t\t<div class=\"elementor-element elementor-element-b88a797 elementor-widget elementor-widget-spacer\" data-id=\"b88a797\" data-element_type=\"widget\" data-e-type=\"widget\" data-widget_type=\"spacer.default\">\n\t\t\t\t<div class=\"elementor-widget-container\">\n\t\t\t\t\t\t\t<div class=\"elementor-spacer\">\n\t\t\t<div class=\"elementor-spacer-inner\"><\/div>\n\t\t<\/div>\n\t\t\t\t\t\t<\/div>\n\t\t\t\t<\/div>\n\t\t\t\t<div class=\"elementor-element elementor-element-66f71c0 elementor-widget elementor-widget-text-editor\" data-id=\"66f71c0\" data-element_type=\"widget\" data-e-type=\"widget\" data-widget_type=\"text-editor.default\">\n\t\t\t\t<div class=\"elementor-widget-container\">\n\t\t\t\t\t\t\t\t\t<p>FOTOGRAFIE . <strong>Monika Goecke<\/strong> MALEREI . <strong>Hans-J\u00fcrgen Westphal<\/strong><\/p><p><strong>\u00a0<\/strong><\/p>\t\t\t\t\t\t\t\t<\/div>\n\t\t\t\t<\/div>\n\t\t\t\t\t<\/div>\n\t\t<\/div>\n\t\t\t\t\t<\/div>\n\t\t<\/section>\n\t\t\t\t<section class=\"has_ae_slider elementor-section elementor-top-section elementor-element elementor-element-2f93cb8 elementor-section-full_width elementor-section-height-default elementor-section-height-default ae-bg-gallery-type-default\" data-id=\"2f93cb8\" data-element_type=\"section\" data-e-type=\"section\">\n\t\t\t\t\t\t<div class=\"elementor-container elementor-column-gap-default\">\n\t\t\t\t\t<div class=\"has_ae_slider elementor-column elementor-col-25 elementor-top-column elementor-element elementor-element-0168095 ae-bg-gallery-type-default\" data-id=\"0168095\" data-element_type=\"column\" data-e-type=\"column\">\n\t\t\t<div class=\"elementor-widget-wrap elementor-element-populated\">\n\t\t\t\t\t\t<div class=\"elementor-element elementor-element-21a81ec elementor-widget elementor-widget-image\" data-id=\"21a81ec\" data-element_type=\"widget\" data-e-type=\"widget\" data-widget_type=\"image.default\">\n\t\t\t\t<div class=\"elementor-widget-container\">\n\t\t\t\t\t\t\t\t\t\t\t\t\t\t\t<img decoding=\"async\" width=\"800\" height=\"537\" src=\"https:\/\/glasatelier-westphal.de\/wp-content\/uploads\/2021\/11\/kalender-ammersee-hans-juergen-westphal-sylt-schondorf-ammersee-2021-02-06-1024x687.jpg\" class=\"attachment-large size-large wp-image-2796\" alt=\"\" srcset=\"https:\/\/glasatelier-westphal.de\/wp-content\/uploads\/2021\/11\/kalender-ammersee-hans-juergen-westphal-sylt-schondorf-ammersee-2021-02-06-1024x687.jpg 1024w, https:\/\/glasatelier-westphal.de\/wp-content\/uploads\/2021\/11\/kalender-ammersee-hans-juergen-westphal-sylt-schondorf-ammersee-2021-02-06-300x201.jpg 300w, https:\/\/glasatelier-westphal.de\/wp-content\/uploads\/2021\/11\/kalender-ammersee-hans-juergen-westphal-sylt-schondorf-ammersee-2021-02-06-150x101.jpg 150w, https:\/\/glasatelier-westphal.de\/wp-content\/uploads\/2021\/11\/kalender-ammersee-hans-juergen-westphal-sylt-schondorf-ammersee-2021-02-06-768x515.jpg 768w, https:\/\/glasatelier-westphal.de\/wp-content\/uploads\/2021\/11\/kalender-ammersee-hans-juergen-westphal-sylt-schondorf-ammersee-2021-02-06.jpg 1400w\" sizes=\"(max-width: 800px) 100vw, 800px\" \/>\t\t\t\t\t\t\t\t\t\t\t\t\t\t\t<\/div>\n\t\t\t\t<\/div>\n\t\t\t\t\t<\/div>\n\t\t<\/div>\n\t\t\t\t<div class=\"has_ae_slider elementor-column elementor-col-25 elementor-top-column elementor-element elementor-element-422a1b8 ae-bg-gallery-type-default\" data-id=\"422a1b8\" data-element_type=\"column\" data-e-type=\"column\">\n\t\t\t<div class=\"elementor-widget-wrap elementor-element-populated\">\n\t\t\t\t\t\t<div class=\"elementor-element elementor-element-724cd96 elementor-widget elementor-widget-image\" data-id=\"724cd96\" data-element_type=\"widget\" data-e-type=\"widget\" data-widget_type=\"image.default\">\n\t\t\t\t<div class=\"elementor-widget-container\">\n\t\t\t\t\t\t\t\t\t\t\t\t\t\t\t<img decoding=\"async\" width=\"800\" height=\"538\" src=\"https:\/\/glasatelier-westphal.de\/wp-content\/uploads\/2021\/11\/kalender-ammersee-hans-juergen-westphal-sylt-schondorf-ammersee-2021-02-05-1024x688.jpg\" class=\"attachment-large size-large wp-image-2794\" alt=\"\" srcset=\"https:\/\/glasatelier-westphal.de\/wp-content\/uploads\/2021\/11\/kalender-ammersee-hans-juergen-westphal-sylt-schondorf-ammersee-2021-02-05-1024x688.jpg 1024w, https:\/\/glasatelier-westphal.de\/wp-content\/uploads\/2021\/11\/kalender-ammersee-hans-juergen-westphal-sylt-schondorf-ammersee-2021-02-05-300x201.jpg 300w, https:\/\/glasatelier-westphal.de\/wp-content\/uploads\/2021\/11\/kalender-ammersee-hans-juergen-westphal-sylt-schondorf-ammersee-2021-02-05-150x101.jpg 150w, https:\/\/glasatelier-westphal.de\/wp-content\/uploads\/2021\/11\/kalender-ammersee-hans-juergen-westphal-sylt-schondorf-ammersee-2021-02-05-768x516.jpg 768w, https:\/\/glasatelier-westphal.de\/wp-content\/uploads\/2021\/11\/kalender-ammersee-hans-juergen-westphal-sylt-schondorf-ammersee-2021-02-05.jpg 1400w\" sizes=\"(max-width: 800px) 100vw, 800px\" \/>\t\t\t\t\t\t\t\t\t\t\t\t\t\t\t<\/div>\n\t\t\t\t<\/div>\n\t\t\t\t\t<\/div>\n\t\t<\/div>\n\t\t\t\t<div class=\"has_ae_slider elementor-column elementor-col-25 elementor-top-column elementor-element elementor-element-ff97dab ae-bg-gallery-type-default\" data-id=\"ff97dab\" data-element_type=\"column\" data-e-type=\"column\">\n\t\t\t<div class=\"elementor-widget-wrap elementor-element-populated\">\n\t\t\t\t\t\t<div class=\"elementor-element elementor-element-0298710 elementor-widget elementor-widget-image\" data-id=\"0298710\" data-element_type=\"widget\" data-e-type=\"widget\" data-widget_type=\"image.default\">\n\t\t\t\t<div class=\"elementor-widget-container\">\n\t\t\t\t\t\t\t\t\t\t\t\t\t\t\t<img loading=\"lazy\" decoding=\"async\" width=\"800\" height=\"538\" src=\"https:\/\/glasatelier-westphal.de\/wp-content\/uploads\/2021\/11\/kalender-ammersee-hans-juergen-westphal-sylt-schondorf-ammersee-2021-02-10-1024x688.jpg\" class=\"attachment-large size-large wp-image-2804\" alt=\"\" srcset=\"https:\/\/glasatelier-westphal.de\/wp-content\/uploads\/2021\/11\/kalender-ammersee-hans-juergen-westphal-sylt-schondorf-ammersee-2021-02-10-1024x688.jpg 1024w, https:\/\/glasatelier-westphal.de\/wp-content\/uploads\/2021\/11\/kalender-ammersee-hans-juergen-westphal-sylt-schondorf-ammersee-2021-02-10-300x201.jpg 300w, https:\/\/glasatelier-westphal.de\/wp-content\/uploads\/2021\/11\/kalender-ammersee-hans-juergen-westphal-sylt-schondorf-ammersee-2021-02-10-150x101.jpg 150w, https:\/\/glasatelier-westphal.de\/wp-content\/uploads\/2021\/11\/kalender-ammersee-hans-juergen-westphal-sylt-schondorf-ammersee-2021-02-10-768x516.jpg 768w, https:\/\/glasatelier-westphal.de\/wp-content\/uploads\/2021\/11\/kalender-ammersee-hans-juergen-westphal-sylt-schondorf-ammersee-2021-02-10.jpg 1400w\" sizes=\"(max-width: 800px) 100vw, 800px\" \/>\t\t\t\t\t\t\t\t\t\t\t\t\t\t\t<\/div>\n\t\t\t\t<\/div>\n\t\t\t\t\t<\/div>\n\t\t<\/div>\n\t\t\t\t<div class=\"has_ae_slider elementor-column elementor-col-25 elementor-top-column elementor-element elementor-element-b0600b5 ae-bg-gallery-type-default\" data-id=\"b0600b5\" data-element_type=\"column\" data-e-type=\"column\">\n\t\t\t<div class=\"elementor-widget-wrap elementor-element-populated\">\n\t\t\t\t\t\t<div class=\"elementor-element elementor-element-a58210e elementor-widget elementor-widget-image\" data-id=\"a58210e\" data-element_type=\"widget\" data-e-type=\"widget\" data-widget_type=\"image.default\">\n\t\t\t\t<div class=\"elementor-widget-container\">\n\t\t\t\t\t\t\t\t\t\t\t\t\t\t\t<img loading=\"lazy\" decoding=\"async\" width=\"800\" height=\"538\" src=\"https:\/\/glasatelier-westphal.de\/wp-content\/uploads\/2021\/11\/kalender-ammersee-hans-juergen-westphal-sylt-schondorf-ammersee-2021-02-09-1024x688.jpg\" class=\"attachment-large size-large wp-image-2802\" alt=\"\" srcset=\"https:\/\/glasatelier-westphal.de\/wp-content\/uploads\/2021\/11\/kalender-ammersee-hans-juergen-westphal-sylt-schondorf-ammersee-2021-02-09-1024x688.jpg 1024w, https:\/\/glasatelier-westphal.de\/wp-content\/uploads\/2021\/11\/kalender-ammersee-hans-juergen-westphal-sylt-schondorf-ammersee-2021-02-09-300x201.jpg 300w, https:\/\/glasatelier-westphal.de\/wp-content\/uploads\/2021\/11\/kalender-ammersee-hans-juergen-westphal-sylt-schondorf-ammersee-2021-02-09-150x101.jpg 150w, https:\/\/glasatelier-westphal.de\/wp-content\/uploads\/2021\/11\/kalender-ammersee-hans-juergen-westphal-sylt-schondorf-ammersee-2021-02-09-768x516.jpg 768w, https:\/\/glasatelier-westphal.de\/wp-content\/uploads\/2021\/11\/kalender-ammersee-hans-juergen-westphal-sylt-schondorf-ammersee-2021-02-09.jpg 1400w\" sizes=\"(max-width: 800px) 100vw, 800px\" \/>\t\t\t\t\t\t\t\t\t\t\t\t\t\t\t<\/div>\n\t\t\t\t<\/div>\n\t\t\t\t\t<\/div>\n\t\t<\/div>\n\t\t\t\t\t<\/div>\n\t\t<\/section>\n\t\t\t\t<section class=\"has_ae_slider elementor-section elementor-top-section elementor-element elementor-element-d44330f elementor-section-full_width elementor-section-height-default elementor-section-height-default ae-bg-gallery-type-default\" data-id=\"d44330f\" data-element_type=\"section\" data-e-type=\"section\">\n\t\t\t\t\t\t<div class=\"elementor-container elementor-column-gap-default\">\n\t\t\t\t\t<div class=\"has_ae_slider elementor-column elementor-col-25 elementor-top-column elementor-element elementor-element-1a83a0d ae-bg-gallery-type-default\" data-id=\"1a83a0d\" data-element_type=\"column\" data-e-type=\"column\">\n\t\t\t<div class=\"elementor-widget-wrap elementor-element-populated\">\n\t\t\t\t\t\t<div class=\"elementor-element elementor-element-243ee3d elementor-widget elementor-widget-image\" data-id=\"243ee3d\" data-element_type=\"widget\" data-e-type=\"widget\" data-widget_type=\"image.default\">\n\t\t\t\t<div class=\"elementor-widget-container\">\n\t\t\t\t\t\t\t\t\t\t\t\t\t\t\t<img loading=\"lazy\" decoding=\"async\" width=\"800\" height=\"538\" src=\"https:\/\/glasatelier-westphal.de\/wp-content\/uploads\/2021\/11\/kalender-ammersee-hans-juergen-westphal-sylt-schondorf-ammersee-2021-02-24-1024x688.jpg\" class=\"attachment-large size-large wp-image-2832\" alt=\"\" srcset=\"https:\/\/glasatelier-westphal.de\/wp-content\/uploads\/2021\/11\/kalender-ammersee-hans-juergen-westphal-sylt-schondorf-ammersee-2021-02-24-1024x688.jpg 1024w, https:\/\/glasatelier-westphal.de\/wp-content\/uploads\/2021\/11\/kalender-ammersee-hans-juergen-westphal-sylt-schondorf-ammersee-2021-02-24-300x201.jpg 300w, https:\/\/glasatelier-westphal.de\/wp-content\/uploads\/2021\/11\/kalender-ammersee-hans-juergen-westphal-sylt-schondorf-ammersee-2021-02-24-150x101.jpg 150w, https:\/\/glasatelier-westphal.de\/wp-content\/uploads\/2021\/11\/kalender-ammersee-hans-juergen-westphal-sylt-schondorf-ammersee-2021-02-24-768x516.jpg 768w, https:\/\/glasatelier-westphal.de\/wp-content\/uploads\/2021\/11\/kalender-ammersee-hans-juergen-westphal-sylt-schondorf-ammersee-2021-02-24.jpg 1400w\" sizes=\"(max-width: 800px) 100vw, 800px\" \/>\t\t\t\t\t\t\t\t\t\t\t\t\t\t\t<\/div>\n\t\t\t\t<\/div>\n\t\t\t\t\t<\/div>\n\t\t<\/div>\n\t\t\t\t<div class=\"has_ae_slider elementor-column elementor-col-25 elementor-top-column elementor-element elementor-element-f5c0759 ae-bg-gallery-type-default\" data-id=\"f5c0759\" data-element_type=\"column\" data-e-type=\"column\">\n\t\t\t<div class=\"elementor-widget-wrap elementor-element-populated\">\n\t\t\t\t\t\t<div class=\"elementor-element elementor-element-be69f7a elementor-widget elementor-widget-image\" data-id=\"be69f7a\" data-element_type=\"widget\" data-e-type=\"widget\" data-widget_type=\"image.default\">\n\t\t\t\t<div class=\"elementor-widget-container\">\n\t\t\t\t\t\t\t\t\t\t\t\t\t\t\t<img loading=\"lazy\" decoding=\"async\" width=\"800\" height=\"538\" src=\"https:\/\/glasatelier-westphal.de\/wp-content\/uploads\/2021\/11\/kalender-ammersee-hans-juergen-westphal-sylt-schondorf-ammersee-2021-02-23-1024x688.jpg\" class=\"attachment-large size-large wp-image-2830\" alt=\"\" srcset=\"https:\/\/glasatelier-westphal.de\/wp-content\/uploads\/2021\/11\/kalender-ammersee-hans-juergen-westphal-sylt-schondorf-ammersee-2021-02-23-1024x688.jpg 1024w, https:\/\/glasatelier-westphal.de\/wp-content\/uploads\/2021\/11\/kalender-ammersee-hans-juergen-westphal-sylt-schondorf-ammersee-2021-02-23-300x201.jpg 300w, https:\/\/glasatelier-westphal.de\/wp-content\/uploads\/2021\/11\/kalender-ammersee-hans-juergen-westphal-sylt-schondorf-ammersee-2021-02-23-150x101.jpg 150w, https:\/\/glasatelier-westphal.de\/wp-content\/uploads\/2021\/11\/kalender-ammersee-hans-juergen-westphal-sylt-schondorf-ammersee-2021-02-23-768x516.jpg 768w, https:\/\/glasatelier-westphal.de\/wp-content\/uploads\/2021\/11\/kalender-ammersee-hans-juergen-westphal-sylt-schondorf-ammersee-2021-02-23.jpg 1400w\" sizes=\"(max-width: 800px) 100vw, 800px\" \/>\t\t\t\t\t\t\t\t\t\t\t\t\t\t\t<\/div>\n\t\t\t\t<\/div>\n\t\t\t\t\t<\/div>\n\t\t<\/div>\n\t\t\t\t<div class=\"has_ae_slider elementor-column elementor-col-25 elementor-top-column elementor-element elementor-element-90aaccb ae-bg-gallery-type-default\" data-id=\"90aaccb\" data-element_type=\"column\" data-e-type=\"column\">\n\t\t\t<div class=\"elementor-widget-wrap elementor-element-populated\">\n\t\t\t\t\t\t<div class=\"elementor-element elementor-element-96d7f37 elementor-widget elementor-widget-image\" data-id=\"96d7f37\" data-element_type=\"widget\" data-e-type=\"widget\" data-widget_type=\"image.default\">\n\t\t\t\t<div class=\"elementor-widget-container\">\n\t\t\t\t\t\t\t\t\t\t\t\t\t\t\t<img loading=\"lazy\" decoding=\"async\" width=\"800\" height=\"538\" src=\"https:\/\/glasatelier-westphal.de\/wp-content\/uploads\/2021\/11\/kalender-ammersee-hans-juergen-westphal-sylt-schondorf-ammersee-2021-02-16-1024x688.jpg\" class=\"attachment-large size-large wp-image-2816\" alt=\"\" srcset=\"https:\/\/glasatelier-westphal.de\/wp-content\/uploads\/2021\/11\/kalender-ammersee-hans-juergen-westphal-sylt-schondorf-ammersee-2021-02-16-1024x688.jpg 1024w, https:\/\/glasatelier-westphal.de\/wp-content\/uploads\/2021\/11\/kalender-ammersee-hans-juergen-westphal-sylt-schondorf-ammersee-2021-02-16-300x201.jpg 300w, https:\/\/glasatelier-westphal.de\/wp-content\/uploads\/2021\/11\/kalender-ammersee-hans-juergen-westphal-sylt-schondorf-ammersee-2021-02-16-150x101.jpg 150w, https:\/\/glasatelier-westphal.de\/wp-content\/uploads\/2021\/11\/kalender-ammersee-hans-juergen-westphal-sylt-schondorf-ammersee-2021-02-16-768x516.jpg 768w, https:\/\/glasatelier-westphal.de\/wp-content\/uploads\/2021\/11\/kalender-ammersee-hans-juergen-westphal-sylt-schondorf-ammersee-2021-02-16.jpg 1400w\" sizes=\"(max-width: 800px) 100vw, 800px\" \/>\t\t\t\t\t\t\t\t\t\t\t\t\t\t\t<\/div>\n\t\t\t\t<\/div>\n\t\t\t\t\t<\/div>\n\t\t<\/div>\n\t\t\t\t<div class=\"has_ae_slider elementor-column elementor-col-25 elementor-top-column elementor-element elementor-element-6ee638d ae-bg-gallery-type-default\" data-id=\"6ee638d\" data-element_type=\"column\" data-e-type=\"column\">\n\t\t\t<div class=\"elementor-widget-wrap elementor-element-populated\">\n\t\t\t\t\t\t<div class=\"elementor-element elementor-element-785fc30 elementor-widget elementor-widget-image\" data-id=\"785fc30\" data-element_type=\"widget\" data-e-type=\"widget\" data-widget_type=\"image.default\">\n\t\t\t\t<div class=\"elementor-widget-container\">\n\t\t\t\t\t\t\t\t\t\t\t\t\t\t\t<img loading=\"lazy\" decoding=\"async\" width=\"800\" height=\"538\" src=\"https:\/\/glasatelier-westphal.de\/wp-content\/uploads\/2021\/11\/kalender-ammersee-hans-juergen-westphal-sylt-schondorf-ammersee-2021-02-15-1024x688.jpg\" class=\"attachment-large size-large wp-image-2814\" alt=\"\" srcset=\"https:\/\/glasatelier-westphal.de\/wp-content\/uploads\/2021\/11\/kalender-ammersee-hans-juergen-westphal-sylt-schondorf-ammersee-2021-02-15-1024x688.jpg 1024w, https:\/\/glasatelier-westphal.de\/wp-content\/uploads\/2021\/11\/kalender-ammersee-hans-juergen-westphal-sylt-schondorf-ammersee-2021-02-15-300x201.jpg 300w, https:\/\/glasatelier-westphal.de\/wp-content\/uploads\/2021\/11\/kalender-ammersee-hans-juergen-westphal-sylt-schondorf-ammersee-2021-02-15-150x101.jpg 150w, https:\/\/glasatelier-westphal.de\/wp-content\/uploads\/2021\/11\/kalender-ammersee-hans-juergen-westphal-sylt-schondorf-ammersee-2021-02-15-768x516.jpg 768w, https:\/\/glasatelier-westphal.de\/wp-content\/uploads\/2021\/11\/kalender-ammersee-hans-juergen-westphal-sylt-schondorf-ammersee-2021-02-15.jpg 1400w\" sizes=\"(max-width: 800px) 100vw, 800px\" \/>\t\t\t\t\t\t\t\t\t\t\t\t\t\t\t<\/div>\n\t\t\t\t<\/div>\n\t\t\t\t\t<\/div>\n\t\t<\/div>\n\t\t\t\t\t<\/div>\n\t\t<\/section>\n\t\t\t\t<\/div>\n\t\t","protected":false},"excerpt":{"rendered":"<p>AUSSTELLUNG \u00a0 Die Ausstellung \u00bbA m m e r s e e .\u00a0 \u00a0Wechselnde Horizonte\u00ab ist zur Zeit im Gartenhaus in Schondorf zu sehen. Hin und wieder \u2013 wenn Interessierte wirklich interessiert sind \u2013 gibt es dort eine F\u00fchrung durch den K\u00fcnstler selbst. Seine Erl\u00e4uterungen zeigen Wege auf, zu verstehen; seinen G\u00e4sten bleibt es \u00fcberlassen, [&hellip;]<\/p>\n","protected":false},"author":2,"featured_media":0,"parent":2947,"menu_order":4,"comment_status":"closed","ping_status":"closed","template":"","meta":{"_acf_changed":false,"inline_featured_image":false,"footnotes":""},"class_list":["post-3848","page","type-page","status-publish","hentry"],"acf":[],"_links":{"self":[{"href":"https:\/\/glasatelier-westphal.de\/de\/wp-json\/wp\/v2\/pages\/3848","targetHints":{"allow":["GET"]}}],"collection":[{"href":"https:\/\/glasatelier-westphal.de\/de\/wp-json\/wp\/v2\/pages"}],"about":[{"href":"https:\/\/glasatelier-westphal.de\/de\/wp-json\/wp\/v2\/types\/page"}],"author":[{"embeddable":true,"href":"https:\/\/glasatelier-westphal.de\/de\/wp-json\/wp\/v2\/users\/2"}],"replies":[{"embeddable":true,"href":"https:\/\/glasatelier-westphal.de\/de\/wp-json\/wp\/v2\/comments?post=3848"}],"version-history":[{"count":5,"href":"https:\/\/glasatelier-westphal.de\/de\/wp-json\/wp\/v2\/pages\/3848\/revisions"}],"predecessor-version":[{"id":4493,"href":"https:\/\/glasatelier-westphal.de\/de\/wp-json\/wp\/v2\/pages\/3848\/revisions\/4493"}],"up":[{"embeddable":true,"href":"https:\/\/glasatelier-westphal.de\/de\/wp-json\/wp\/v2\/pages\/2947"}],"wp:attachment":[{"href":"https:\/\/glasatelier-westphal.de\/de\/wp-json\/wp\/v2\/media?parent=3848"}],"curies":[{"name":"wp","href":"https:\/\/api.w.org\/{rel}","templated":true}]}}