{"id":3925,"date":"2022-03-07T11:14:15","date_gmt":"2022-03-07T10:14:15","guid":{"rendered":"https:\/\/gwsd.preview.tammen.de\/?page_id=3925"},"modified":"2022-05-20T18:22:21","modified_gmt":"2022-05-20T16:22:21","slug":"datenschutz","status":"publish","type":"page","link":"https:\/\/glasatelier-westphal.de\/de\/datenschutz\/","title":{"rendered":"Datenschutz"},"content":{"rendered":"\t\t<div data-elementor-type=\"wp-page\" data-elementor-id=\"3925\" class=\"elementor elementor-3925\" data-elementor-post-type=\"page\">\n\t\t\t\t\t\t<section class=\"has_ae_slider elementor-section elementor-top-section elementor-element elementor-element-6ec90f3 elementor-section-height-min-height elementor-section-boxed elementor-section-height-default elementor-section-items-middle ae-bg-gallery-type-default\" data-id=\"6ec90f3\" data-element_type=\"section\" data-e-type=\"section\" data-settings=\"{&quot;background_background&quot;:&quot;classic&quot;}\">\n\t\t\t\t\t\t<div class=\"elementor-container elementor-column-gap-default\">\n\t\t\t\t\t<div class=\"has_ae_slider elementor-column elementor-col-100 elementor-top-column elementor-element elementor-element-eb427ee ae-bg-gallery-type-default\" data-id=\"eb427ee\" data-element_type=\"column\" data-e-type=\"column\">\n\t\t\t<div class=\"elementor-widget-wrap\">\n\t\t\t\t\t\t\t<\/div>\n\t\t<\/div>\n\t\t\t\t\t<\/div>\n\t\t<\/section>\n\t\t\t\t<section class=\"has_ae_slider elementor-section elementor-top-section elementor-element elementor-element-654476e elementor-section-boxed elementor-section-height-default elementor-section-height-default ae-bg-gallery-type-default\" data-id=\"654476e\" data-element_type=\"section\" data-e-type=\"section\">\n\t\t\t\t\t\t<div class=\"elementor-container elementor-column-gap-default\">\n\t\t\t\t\t<div class=\"has_ae_slider elementor-column elementor-col-100 elementor-top-column elementor-element elementor-element-b2608b7 ae-bg-gallery-type-default\" data-id=\"b2608b7\" data-element_type=\"column\" data-e-type=\"column\">\n\t\t\t<div class=\"elementor-widget-wrap elementor-element-populated\">\n\t\t\t\t\t\t<div class=\"elementor-element elementor-element-7878955 elementor-widget elementor-widget-spacer\" data-id=\"7878955\" data-element_type=\"widget\" data-e-type=\"widget\" data-widget_type=\"spacer.default\">\n\t\t\t\t<div class=\"elementor-widget-container\">\n\t\t\t\t\t\t\t<div class=\"elementor-spacer\">\n\t\t\t<div class=\"elementor-spacer-inner\"><\/div>\n\t\t<\/div>\n\t\t\t\t\t\t<\/div>\n\t\t\t\t<\/div>\n\t\t\t\t\t<\/div>\n\t\t<\/div>\n\t\t\t\t\t<\/div>\n\t\t<\/section>\n\t\t\t\t<section class=\"has_ae_slider elementor-section elementor-top-section elementor-element elementor-element-f8bc69c elementor-section-boxed elementor-section-height-default elementor-section-height-default ae-bg-gallery-type-default\" data-id=\"f8bc69c\" data-element_type=\"section\" data-e-type=\"section\">\n\t\t\t\t\t\t<div class=\"elementor-container elementor-column-gap-default\">\n\t\t\t\t\t<div class=\"has_ae_slider elementor-column elementor-col-100 elementor-top-column elementor-element elementor-element-6f04538 ae-bg-gallery-type-default\" data-id=\"6f04538\" data-element_type=\"column\" data-e-type=\"column\">\n\t\t\t<div class=\"elementor-widget-wrap elementor-element-populated\">\n\t\t\t\t\t\t<div class=\"elementor-element elementor-element-0650712 elementor-widget elementor-widget-heading\" data-id=\"0650712\" data-element_type=\"widget\" data-e-type=\"widget\" data-widget_type=\"heading.default\">\n\t\t\t\t<div class=\"elementor-widget-container\">\n\t\t\t\t\t<h2 class=\"elementor-heading-title elementor-size-default\">Datenschutzerkl\u00e4rung<\/h2>\t\t\t\t<\/div>\n\t\t\t\t<\/div>\n\t\t\t\t\t<\/div>\n\t\t<\/div>\n\t\t\t\t\t<\/div>\n\t\t<\/section>\n\t\t\t\t<section class=\"has_ae_slider elementor-section elementor-top-section elementor-element elementor-element-9501134 elementor-section-boxed elementor-section-height-default elementor-section-height-default ae-bg-gallery-type-default\" data-id=\"9501134\" data-element_type=\"section\" data-e-type=\"section\">\n\t\t\t\t\t\t<div class=\"elementor-container elementor-column-gap-default\">\n\t\t\t\t\t<div class=\"has_ae_slider elementor-column elementor-col-100 elementor-top-column elementor-element elementor-element-bb097ad ae-bg-gallery-type-default\" data-id=\"bb097ad\" data-element_type=\"column\" data-e-type=\"column\">\n\t\t\t<div class=\"elementor-widget-wrap elementor-element-populated\">\n\t\t\t\t\t\t<section class=\"has_ae_slider elementor-section elementor-inner-section elementor-element elementor-element-d1148c0 elementor-section-boxed elementor-section-height-default elementor-section-height-default ae-bg-gallery-type-default\" data-id=\"d1148c0\" data-element_type=\"section\" data-e-type=\"section\">\n\t\t\t\t\t\t<div class=\"elementor-container elementor-column-gap-default\">\n\t\t\t\t\t<div class=\"has_ae_slider elementor-column elementor-col-50 elementor-inner-column elementor-element elementor-element-89ddba6 ae-bg-gallery-type-default\" data-id=\"89ddba6\" data-element_type=\"column\" data-e-type=\"column\">\n\t\t\t<div class=\"elementor-widget-wrap elementor-element-populated\">\n\t\t\t\t\t\t<div class=\"elementor-element elementor-element-4e60102 elementor-widget elementor-widget-heading\" data-id=\"4e60102\" data-element_type=\"widget\" data-e-type=\"widget\" data-widget_type=\"heading.default\">\n\t\t\t\t<div class=\"elementor-widget-container\">\n\t\t\t\t\t<h2 class=\"elementor-heading-title elementor-size-default\">G\u00dcLTIGKEIT . KONTAKT<\/h2>\t\t\t\t<\/div>\n\t\t\t\t<\/div>\n\t\t\t\t<div class=\"elementor-element elementor-element-1efcffb elementor-widget elementor-widget-text-editor\" data-id=\"1efcffb\" data-element_type=\"widget\" data-e-type=\"widget\" data-widget_type=\"text-editor.default\">\n\t\t\t\t<div class=\"elementor-widget-container\">\n\t\t\t\t\t\t\t\t\t<p>Die nachfolgend aufgef\u00fchrten Inhalte der Datenschutzerkl\u00e4rung gelten f\u00fcr das Glasatelier<\/p><p><strong>Hans-J\u00fcrgen Westphal<br \/><\/strong>Brunnenstra\u00dfe 38<br \/>86938 Schondorf am Ammersee<br \/>Deutschland<\/p><p>Telefon +49 . 81 92 . 99 83 661<br \/>mail@glasatelier-westphal.de<br \/>www.glasatelier-westphal.de<\/p><p>Wir freuen uns \u00fcber Ihr Interesse an unserer Homepage. Der Schutz Ihrer personenbezogenen Daten bei der Erhebung, Verarbeitung und Nutzung anl\u00e4sslich Ihres Besuchs auf unserer Homepage ist uns ein wichtiges Anliegen. Ihre Daten werden im Rahmen der gesetzlichen Vorschriften gesch\u00fctzt. Bitte nehmen Sie sich einen Augenblick Zeit und lesen Sie die nachstehenden Informationen. Diese geben Ihnen dar\u00fcber Auskunft, wie wir mit Ihren pers\u00f6nlichen Daten umgehen, wie und zu welchem Zweck diese Daten verwendet werden, an wen wir diese Daten weitergeben und wie wir Ihre pers\u00f6nlichen Daten sch\u00fctzen. Ihre Pers\u00f6nlichkeitsrechte haben bei uns h\u00f6chste Priorit\u00e4t und wir bem\u00fchen uns nach besten Kr\u00e4ften, diese Rechte zu sch\u00fctzen und zu gew\u00e4hrleisten<\/p><p>\u00a0<\/p>\t\t\t\t\t\t\t\t<\/div>\n\t\t\t\t<\/div>\n\t\t\t\t<div class=\"elementor-element elementor-element-9ca5919 elementor-widget elementor-widget-heading\" data-id=\"9ca5919\" data-element_type=\"widget\" data-e-type=\"widget\" data-widget_type=\"heading.default\">\n\t\t\t\t<div class=\"elementor-widget-container\">\n\t\t\t\t\t<h2 class=\"elementor-heading-title elementor-size-default\">ERHEBUNG UND VERARBEITUNG VON DATEN<\/h2>\t\t\t\t<\/div>\n\t\t\t\t<\/div>\n\t\t\t\t<div class=\"elementor-element elementor-element-1f02f53 elementor-widget elementor-widget-text-editor\" data-id=\"1f02f53\" data-element_type=\"widget\" data-e-type=\"widget\" data-widget_type=\"text-editor.default\">\n\t\t\t\t<div class=\"elementor-widget-container\">\n\t\t\t\t\t\t\t\t\t<p>Jeder Zugriff auf unsere Homepage und jeder Abruf einer auf der Homepage hinterlegten Datei wird protokolliert. Die Speicherung dient internen systembezogenen und statistischen Zwecken. Protokolliert werden:<br \/>\u2013 Name und URL der abgerufenen Datei<br \/>\u2013 Datum und Uhrzeit des Zugriffs<br \/>\u2013 \u00fcbertragene Datenmenge<br \/>\u2013 Meldung \u00fcber erfolgreichen Abruf<br \/>\u2013 verwendeter Webbrowser\/ggfs. das Betriebssystem und Access-Provider<br \/>\u2013 besuchte Seiten und anfragende Domain<br \/>\u2013 IP-Adresse des anfragenden Rechners<br \/>Soweit auf dieser Webseite weitere personenbezogene Daten (wie z. B. Name, Anschrift, Email-Adresse etc.) erhoben werden, geschieht dies in freiwilligem Einvernehmen mit dem Anfragenden und mit seiner Kenntnis.<\/p><p>Die bei der Kontaktaufnahme unter Umst\u00e4nden angegebenen pers\u00f6nlichen Daten werden im Rahmen der Vorschriften des Telemediengesetzes und Bundesdatenschutzgesetzes erfasst, verwendet und gespeichert. Ein Widerruf ist jederzeit m\u00f6glich.<\/p><p>\u00a0<\/p>\t\t\t\t\t\t\t\t<\/div>\n\t\t\t\t<\/div>\n\t\t\t\t<div class=\"elementor-element elementor-element-9367ea2 elementor-widget elementor-widget-heading\" data-id=\"9367ea2\" data-element_type=\"widget\" data-e-type=\"widget\" data-widget_type=\"heading.default\">\n\t\t\t\t<div class=\"elementor-widget-container\">\n\t\t\t\t\t<h2 class=\"elementor-heading-title elementor-size-default\">NUTZUNG UND WEITERGABE PERSONENBEZOGENER DATEN<\/h2>\t\t\t\t<\/div>\n\t\t\t\t<\/div>\n\t\t\t\t<div class=\"elementor-element elementor-element-a6c1b25 elementor-widget elementor-widget-text-editor\" data-id=\"a6c1b25\" data-element_type=\"widget\" data-e-type=\"widget\" data-widget_type=\"text-editor.default\">\n\t\t\t\t<div class=\"elementor-widget-container\">\n\t\t\t\t\t\t\t\t\t<p><span style=\"color: #141412; font-family: Open Sans, Helvetica, Helvetica Neue, Arial, Nimbus Sans L, sans-serif;\"><span style=\"caret-color: #141412;\">Soweit Sie uns personenbezogene Daten zur Verf\u00fcgung gestellt haben, verwenden wir diese entsprechend den deutschen Datenschutzbestimmungen nur zur Beantwortung Ihrer Anfragen, zur Begr\u00fcndung, Abwicklung und Beendigung mit Ihnen geschlossener Vertr\u00e4ge und f\u00fcr die technische Administration.<\/span><\/span><\/p><p><span style=\"color: #141412; font-family: Open Sans, Helvetica, Helvetica Neue, Arial, Nimbus Sans L, sans-serif;\"><span style=\"caret-color: #141412;\">Ihre personenbezogenen Daten werden an Dritte nur weitergegeben oder sonst \u00fcbermittelt, wenn dies zum Zwecke der Vertragserf\u00fcllung \u2013 insbesondere Weitergabe von Bestelldaten an Dienstleister und \/ oder Lieferanten etc. \u2013 erforderlich ist, soweit dies zu Abrechnungszwecken erforderlich ist oder Sie zuvor eingewilligt haben. Sie haben das Recht, eine erteilte Einwilligung mit Wirkung f\u00fcr die Zukunft jederzeit zu widerrufen.<\/span><\/span><\/p><p><span style=\"color: #141412; font-family: Open Sans, Helvetica, Helvetica Neue, Arial, Nimbus Sans L, sans-serif;\"><span style=\"caret-color: #141412;\">Sie haben das Recht, auf Antrag unentgeltlich Auskunft \u00fcber die \u00fcber Sie gespeicherten personenbezogenen Daten zu erhalten. Zus\u00e4tzlich haben Sie nach Ma\u00dfgabe der gesetzlichen Bestimmungen ein Recht auf Berichtigung, Sperrung und L\u00f6schung dieser personenbezogenen Daten.<\/span><\/span><\/p><p>\u00a0<\/p>\t\t\t\t\t\t\t\t<\/div>\n\t\t\t\t<\/div>\n\t\t\t\t<div class=\"elementor-element elementor-element-9b7c335 elementor-widget elementor-widget-heading\" data-id=\"9b7c335\" data-element_type=\"widget\" data-e-type=\"widget\" data-widget_type=\"heading.default\">\n\t\t\t\t<div class=\"elementor-widget-container\">\n\t\t\t\t\t<h2 class=\"elementor-heading-title elementor-size-default\">SCHUTZ DER GESPEICHERTEN DATEN<\/h2>\t\t\t\t<\/div>\n\t\t\t\t<\/div>\n\t\t\t\t<div class=\"elementor-element elementor-element-a85bbf2 elementor-widget elementor-widget-text-editor\" data-id=\"a85bbf2\" data-element_type=\"widget\" data-e-type=\"widget\" data-widget_type=\"text-editor.default\">\n\t\t\t\t<div class=\"elementor-widget-container\">\n\t\t\t\t\t\t\t\t\t<p>Wir setzen technische und organisatorische Sicherheitsma\u00dfnahmen ein, um Ihre uns zur Verf\u00fcgung gestellten personenbezogenen Daten vor Manipulation, Verlust, Zerst\u00f6rung oder dem Zugriff unberechtigter Personen zu sch\u00fctzen. Unsere Sicherheitsma\u00dfnahmen werden dem Stand der Technik entsprechend fortlaufend verbessert und angepasst. Es ist nicht auszuschlie\u00dfen, dass unverschl\u00fcsselt preisgegebene Daten von Dritten eingesehen werden k\u00f6nnen. Es wird darauf hingewiesen, dass hinsichtlich der Daten\u00fcbertragung \u00fcber das Internet (z. B. bei der Kommunikation per Email) keine sichere \u00dcbertragung gew\u00e4hrleistet ist. Empfindliche Daten sollten daher entweder gar nicht oder nur \u00fcber eine sichere Verbindung (SSL) \u00fcbertragen werden.<\/p><p>\u00a0<\/p>\t\t\t\t\t\t\t\t<\/div>\n\t\t\t\t<\/div>\n\t\t\t\t<div class=\"elementor-element elementor-element-f9f6888 elementor-widget elementor-widget-heading\" data-id=\"f9f6888\" data-element_type=\"widget\" data-e-type=\"widget\" data-widget_type=\"heading.default\">\n\t\t\t\t<div class=\"elementor-widget-container\">\n\t\t\t\t\t<h2 class=\"elementor-heading-title elementor-size-default\">SPEICHERUNG ANONYMISIERTER DATEN \/ \u00bbCOOKIES\u00ab<\/h2>\t\t\t\t<\/div>\n\t\t\t\t<\/div>\n\t\t\t\t<div class=\"elementor-element elementor-element-f668110 elementor-widget elementor-widget-text-editor\" data-id=\"f668110\" data-element_type=\"widget\" data-e-type=\"widget\" data-widget_type=\"text-editor.default\">\n\t\t\t\t<div class=\"elementor-widget-container\">\n\t\t\t\t\t\t\t\t\t<p>Auf dieser Webseite werden Nutzungsdaten in anonymisierter Form gesammelt und gespeichert. Hierzu k\u00f6nnen sog. \u00bbCookies\u00ab eingesetzt werden. Dies sind Textdateien, die auf Ihrem Computer gespeichert werden und die eine Analyse Ihrer Benutzung der Webseite erm\u00f6glichen. Diese sammeln und speichern allerdings die Daten ausschlie\u00dflich in pseudonymer Form. Sie werden nicht dazu benutzt, Sie pers\u00f6nlich zu identifizieren und werden nicht mit Daten \u00fcber den Tr\u00e4ger des Pseudonyms zusammengef\u00fchrt. Wir verwenden diese Informationen, um die Attraktivit\u00e4t unserer Webseite zu ermitteln und ihren Inhalt kontinuierlich zu verbessern.\u00a0<\/p><p><span style=\"color: var( --e-global-color-text ); font-size: 1rem;\">Eine Nutzung der Webseite ist auch ohne \u00bbCookies\u00ab m\u00f6glich. Die meisten Browser sind so voreingestellt, dass sie \u00bbCookies\u00ab automatisch akzeptieren. Sie k\u00f6nnen das Speichern von \u00bbCookies\u00ab jedoch deaktivieren oder Ihren Browser so einstellen, dass er Sie benachrichtigt, bevor \u00bbCookies\u00ab gespeichert werden.<\/span><\/p><p><span style=\"color: var( --e-global-color-text ); font-size: 1rem;\">\u00a0<\/span><\/p>\t\t\t\t\t\t\t\t<\/div>\n\t\t\t\t<\/div>\n\t\t\t\t\t<\/div>\n\t\t<\/div>\n\t\t\t\t<div class=\"has_ae_slider elementor-column elementor-col-50 elementor-inner-column elementor-element elementor-element-56ba40c ae-bg-gallery-type-default\" data-id=\"56ba40c\" data-element_type=\"column\" data-e-type=\"column\">\n\t\t\t<div class=\"elementor-widget-wrap elementor-element-populated\">\n\t\t\t\t\t\t<div class=\"elementor-element elementor-element-0d08414 elementor-widget elementor-widget-heading\" data-id=\"0d08414\" data-element_type=\"widget\" data-e-type=\"widget\" data-widget_type=\"heading.default\">\n\t\t\t\t<div class=\"elementor-widget-container\">\n\t\t\t\t\t<h2 class=\"elementor-heading-title elementor-size-default\">GOOGLE ANALYTICS<\/h2>\t\t\t\t<\/div>\n\t\t\t\t<\/div>\n\t\t\t\t<div class=\"elementor-element elementor-element-c1f0aea elementor-widget elementor-widget-text-editor\" data-id=\"c1f0aea\" data-element_type=\"widget\" data-e-type=\"widget\" data-widget_type=\"text-editor.default\">\n\t\t\t\t<div class=\"elementor-widget-container\">\n\t\t\t\t\t\t\t\t\t<p>Diese Website benutzt \u00bbGoogle Analytics\u00ab, einen Webanalysedienst der Google Inc. \u2013 \u00bbGoogle\u00ab. \u00bbGoogle Analytics\u00ab verwendet sog. \u00bbCookies\u00ab, Textdateien, die auf Ihrem Computer gespeichert werden und die eine Analyse der Benutzung der Website durch Sie erm\u00f6glichen. Die durch den \u00bbCookie\u00ab erzeugten Informationen \u00fcber Ihre Benutzung dieser Website werden in der Regel an einen Server von \u00bbGoogle\u00ab in den USA \u00fcbertragen und dort gespeichert. Im Falle der Aktivierung der IP-Anonymisierung auf dieser Webseite, wird Ihre IP-Adresse von \u00bbGoogle\u00ab jedoch innerhalb von Mitgliedstaaten der Europ\u00e4ischen Union oder in anderen Vertragsstaaten des Abkommens \u00fcber den Europ\u00e4ischen Wirtschaftsraum zuvor gek\u00fcrzt. Nur in Ausnahmef\u00e4llen wird die volle IP-Adresse an einen Server von \u00bbGoogle\u00ab in den USA \u00fcbertragen und dort gek\u00fcrzt. Im Auftrag des Betreibers dieser Website wird \u00bbGoogle\u00ab diese Informationen benutzen, um Ihre Nutzung der Website auszuwerten, um Reports \u00fcber die Websiteaktivit\u00e4ten zusammenzustellen und um weitere mit der Websitenutzung und der Internetnutzung verbundene Dienstleistungen gegen\u00fcber dem Websitebetreiber zu erbringen. Die im Rahmen von \u00bbGoogle Analytics\u00ab von Ihrem Browser \u00fcbermittelte IP-Adresse wird nicht mit anderen Daten von \u00bbGoogle\u00ab zusammengef\u00fchrt. Sie k\u00f6nnen die Speicherung der \u00bbCookies\u00ab durch eine entsprechende Einstellung Ihrer Browser-Software verhindern; wir weisen Sie jedoch darauf hin, dass Sie in diesem Fall gegebenenfalls nicht s\u00e4mtliche Funktionen dieser Website vollumf\u00e4nglich nutzen k\u00f6nnen. Sie k\u00f6nnen dar\u00fcber hinaus die Erfassung der durch das \u00bbCookie\u00ab erzeugten und auf Ihre Nutzung der Website bezogenen Daten (inkl. Ihrer IP-Adresse) an \u00bbGoogle\u00ab sowie die Verarbeitung dieser Daten durch \u00bbGoogle\u00ab verhindern, indem sie das unter dem folgenden Link verf\u00fcgbare Browser-Plugin herunterladen und installieren. Der aktuelle Link ist<\/p><p><a href=\"http:\/\/tools.google.com\/dlpage\/gaoptout?hl=de\" target=\"_blank\" rel=\"noopener\">http:\/\/tools.google.com\/dlpage\/gaoptout?hl=de<\/a><\/p><p>Angesichts der Diskussion um den Einsatz von Analysetools mit vollst\u00e4ndigen IP-Adressen m\u00f6chten wir darauf hinweisen, dass diese Website \u00bbGoogle Analytics\u00ab mit der Erweiterung \u201e_anonymizeIp()\u201c verwendet und daher IP-Adressen nur gek\u00fcrzt weiterverarbeitet werden, um eine direkte Personenbeziehbarkeit auszuschlie\u00dfen.<\/p><p>\u00a0<\/p><p>\u00a0<\/p>\t\t\t\t\t\t\t\t<\/div>\n\t\t\t\t<\/div>\n\t\t\t\t<div class=\"elementor-element elementor-element-3d33959 elementor-widget elementor-widget-heading\" data-id=\"3d33959\" data-element_type=\"widget\" data-e-type=\"widget\" data-widget_type=\"heading.default\">\n\t\t\t\t<div class=\"elementor-widget-container\">\n\t\t\t\t\t<h2 class=\"elementor-heading-title elementor-size-default\">GOOGLE MAPS<\/h2>\t\t\t\t<\/div>\n\t\t\t\t<\/div>\n\t\t\t\t<div class=\"elementor-element elementor-element-647b7e8 elementor-widget elementor-widget-text-editor\" data-id=\"647b7e8\" data-element_type=\"widget\" data-e-type=\"widget\" data-widget_type=\"text-editor.default\">\n\t\t\t\t<div class=\"elementor-widget-container\">\n\t\t\t\t\t\t\t\t\t<p>Wir setzen auf unserer Seite die Komponente \u00bbGoogle Maps\u00ab der Firma Google Inc., 1600 Amphitheatre Parkway, Mountain View, CA 94043 USA, nachfolgend \u00bbGoogle\u00ab, ein.<\/p><p>Bei jedem einzelnen Aufruf der Komponente \u00bbGoogle Maps\u00ab wird von \u00bbGoogle\u00ab ein \u00bbCookie\u00ab gesetzt, um bei der Anzeige der Seite, auf der die Komponente \u00bbGoogle Maps\u00ab integriert ist, Nutzereinstellungen und -daten zu verarbeiten. Dieses \u00bbCookie\u00ab wird im Regelfall nicht durch das Schlie\u00dfen des Browsers gel\u00f6scht, sondern l\u00e4uft nach einer bestimmten Zeit ab, soweit es nicht von Ihnen zuvor manuell gel\u00f6scht wird.<\/p><p>Wenn Sie mit dieser Verarbeitung Ihrer Daten nicht einverstanden sind, so besteht die M\u00f6glichkeit, den Service von \u00bbGoogle Maps\u00ab zu deaktivieren und auf diesem Weg die \u00dcbertragung von Daten an \u00bbGoogle\u00ab zu verhindern. Dazu m\u00fcssen Sie die Java-Script-Funktion in Ihrem Browser deaktivieren. Wir weisen Sie jedoch darauf hin, dass Sie in diesem Fall die \u00bbGoogle Maps\u00ab nicht oder nur eingeschr\u00e4nkt nutzen k\u00f6nnen.<\/p><p>Die Nutzung von \u00bbGoogle Maps\u00ab und der \u00fcber \u00bbGoogle Maps\u00ab erlangten Informationen erfolgt gem\u00e4\u00df den \u00bbGoogle\u00ab-Nutzungsbedingungen<\/p><p><a href=\"http:\/\/www.google.de\/intl\/de\/policies\/terms\/regional.html\" target=\"_blank\" rel=\"noopener\">http:\/\/www.google.de\/intl\/de\/policies\/terms\/regional.html<\/a><\/p><p>sowie der zus\u00e4tzlichen Gesch\u00e4ftsbedingungen f\u00fcr \u201eGoogle Maps\u201c<\/p><p><a href=\"https:\/\/www.google.com\/intl\/de_de\/help\/terms_maps.html\" target=\"_blank\" rel=\"noopener\">https:\/\/www.google.com\/intl\/de_de\/help\/terms_maps.html.<\/a><\/p><p>\u00a0<\/p>\t\t\t\t\t\t\t\t<\/div>\n\t\t\t\t<\/div>\n\t\t<!-- dce invisible element ec66dc2 --><!-- dce invisible element 1ea17d4 --><!-- dce invisible element b6993ea --><!-- dce invisible element 614e48d -->\t\t<div class=\"elementor-element elementor-element-538f0c2 elementor-widget elementor-widget-heading\" data-id=\"538f0c2\" data-element_type=\"widget\" data-e-type=\"widget\" data-widget_type=\"heading.default\">\n\t\t\t\t<div class=\"elementor-widget-container\">\n\t\t\t\t\t<h2 class=\"elementor-heading-title elementor-size-default\">KONTAKTAUFNAHME<\/h2>\t\t\t\t<\/div>\n\t\t\t\t<\/div>\n\t\t\t\t<div class=\"elementor-element elementor-element-435f0d5 elementor-widget elementor-widget-text-editor\" data-id=\"435f0d5\" data-element_type=\"widget\" data-e-type=\"widget\" data-widget_type=\"text-editor.default\">\n\t\t\t\t<div class=\"elementor-widget-container\">\n\t\t\t\t\t\t\t\t\t<p>Wir bieten Ihnen auf unserer Seite die M\u00f6glichkeit, mit uns per Email und\/oder \u00fcber ein Kontaktformular in Verbindung zu treten. In diesem Fall werden die vom Nutzer gemachten Angaben zum Zwecke der Bearbeitung seiner Kontaktaufnahme gespeichert. Eine Weitergabe an Dritte erfolgt nicht. Ein Abgleich der so erhobenen Daten mit Daten, die m\u00f6glicherweise durch andere Komponenten unserer Seite erhoben werden, erfolgt ebenfalls nicht.<\/p><p>\u00a0<\/p>\t\t\t\t\t\t\t\t<\/div>\n\t\t\t\t<\/div>\n\t\t<!-- dce invisible element 2c824a9 --><!-- dce invisible element 3e401db -->\t\t<div class=\"elementor-element elementor-element-b71805f elementor-widget elementor-widget-heading\" data-id=\"b71805f\" data-element_type=\"widget\" data-e-type=\"widget\" data-widget_type=\"heading.default\">\n\t\t\t\t<div class=\"elementor-widget-container\">\n\t\t\t\t\t<h2 class=\"elementor-heading-title elementor-size-default\">WIDERRUF, \u00c4NDERUNGEN, BERICHTIGUNGEN UND AKTUALISIERUNGEN<\/h2>\t\t\t\t<\/div>\n\t\t\t\t<\/div>\n\t\t\t\t<div class=\"elementor-element elementor-element-3155533 elementor-widget elementor-widget-text-editor\" data-id=\"3155533\" data-element_type=\"widget\" data-e-type=\"widget\" data-widget_type=\"text-editor.default\">\n\t\t\t\t<div class=\"elementor-widget-container\">\n\t\t\t\t\t\t\t\t\t<p>Der Nutzer hat das Recht, auf Antrag unentgeltlich Auskunft zu erhalten \u00fcber die personenbezogenen Daten, die \u00fcber ihn gespeichert wurden. Zus\u00e4tzlich hat der Nutzer das Recht auf Berichtigung unrichtiger Daten, Sperrung und L\u00f6schung seiner personenbezogenen Daten, soweit dem keine gesetzliche Aufbewahrungspflicht entgegensteht.<\/p><p>\u00a0<\/p>\t\t\t\t\t\t\t\t<\/div>\n\t\t\t\t<\/div>\n\t\t\t\t\t<\/div>\n\t\t<\/div>\n\t\t\t\t\t<\/div>\n\t\t<\/section>\n\t\t\t\t\t<\/div>\n\t\t<\/div>\n\t\t\t\t\t<\/div>\n\t\t<\/section>\n\t\t\t\t<\/div>\n\t\t","protected":false},"excerpt":{"rendered":"<p>Datenschutzerkl\u00e4rung G\u00dcLTIGKEIT . KONTAKT Die nachfolgend aufgef\u00fchrten Inhalte der Datenschutzerkl\u00e4rung gelten f\u00fcr das Glasatelier Hans-J\u00fcrgen WestphalBrunnenstra\u00dfe 3886938 Schondorf am AmmerseeDeutschland Telefon +49 . 81 92 . 99 83 661mail@glasatelier-westphal.dewww.glasatelier-westphal.de Wir freuen uns \u00fcber Ihr Interesse an unserer Homepage. Der Schutz Ihrer personenbezogenen Daten bei der Erhebung, Verarbeitung und Nutzung anl\u00e4sslich Ihres Besuchs auf unserer Homepage [&hellip;]<\/p>\n","protected":false},"author":1,"featured_media":0,"parent":0,"menu_order":15,"comment_status":"closed","ping_status":"closed","template":"elementor_header_footer","meta":{"_acf_changed":false,"inline_featured_image":false,"footnotes":""},"class_list":["post-3925","page","type-page","status-publish","hentry"],"acf":[],"_links":{"self":[{"href":"https:\/\/glasatelier-westphal.de\/de\/wp-json\/wp\/v2\/pages\/3925","targetHints":{"allow":["GET"]}}],"collection":[{"href":"https:\/\/glasatelier-westphal.de\/de\/wp-json\/wp\/v2\/pages"}],"about":[{"href":"https:\/\/glasatelier-westphal.de\/de\/wp-json\/wp\/v2\/types\/page"}],"author":[{"embeddable":true,"href":"https:\/\/glasatelier-westphal.de\/de\/wp-json\/wp\/v2\/users\/1"}],"replies":[{"embeddable":true,"href":"https:\/\/glasatelier-westphal.de\/de\/wp-json\/wp\/v2\/comments?post=3925"}],"version-history":[{"count":5,"href":"https:\/\/glasatelier-westphal.de\/de\/wp-json\/wp\/v2\/pages\/3925\/revisions"}],"predecessor-version":[{"id":4857,"href":"https:\/\/glasatelier-westphal.de\/de\/wp-json\/wp\/v2\/pages\/3925\/revisions\/4857"}],"wp:attachment":[{"href":"https:\/\/glasatelier-westphal.de\/de\/wp-json\/wp\/v2\/media?parent=3925"}],"curies":[{"name":"wp","href":"https:\/\/api.w.org\/{rel}","templated":true}]}}