{"id":514,"date":"2020-06-11T15:53:49","date_gmt":"2020-06-11T13:53:49","guid":{"rendered":"https:\/\/khhd.preview.tammen.de\/?page_id=514"},"modified":"2022-05-30T10:18:46","modified_gmt":"2022-05-30T08:18:46","slug":"allgemeine-geschaeftsbedingungen","status":"publish","type":"page","link":"https:\/\/glasatelier-westphal.de\/de\/allgemeine-geschaeftsbedingungen\/","title":{"rendered":"Allgemeine Gesch\u00e4ftsbedingungen"},"content":{"rendered":"\t\t<div data-elementor-type=\"wp-page\" data-elementor-id=\"514\" class=\"elementor elementor-514\" data-elementor-post-type=\"page\">\n\t\t\t\t\t\t<section class=\"has_ae_slider elementor-section elementor-top-section elementor-element elementor-element-6ec90f3 elementor-section-height-min-height elementor-section-boxed elementor-section-height-default elementor-section-items-middle ae-bg-gallery-type-default\" data-id=\"6ec90f3\" data-element_type=\"section\" data-e-type=\"section\" data-settings=\"{&quot;background_background&quot;:&quot;classic&quot;}\">\n\t\t\t\t\t\t<div class=\"elementor-container elementor-column-gap-default\">\n\t\t\t\t\t<div class=\"has_ae_slider elementor-column elementor-col-100 elementor-top-column elementor-element elementor-element-eb427ee ae-bg-gallery-type-default\" data-id=\"eb427ee\" data-element_type=\"column\" data-e-type=\"column\">\n\t\t\t<div class=\"elementor-widget-wrap\">\n\t\t\t\t\t\t\t<\/div>\n\t\t<\/div>\n\t\t\t\t\t<\/div>\n\t\t<\/section>\n\t\t\t\t<section class=\"has_ae_slider elementor-section elementor-top-section elementor-element elementor-element-61858a7 elementor-section-boxed elementor-section-height-default elementor-section-height-default ae-bg-gallery-type-default\" data-id=\"61858a7\" data-element_type=\"section\" data-e-type=\"section\">\n\t\t\t\t\t\t<div class=\"elementor-container elementor-column-gap-default\">\n\t\t\t\t\t<div class=\"has_ae_slider elementor-column elementor-col-100 elementor-top-column elementor-element elementor-element-9629c7d ae-bg-gallery-type-default\" data-id=\"9629c7d\" data-element_type=\"column\" data-e-type=\"column\">\n\t\t\t<div class=\"elementor-widget-wrap elementor-element-populated\">\n\t\t\t\t\t\t<div class=\"elementor-element elementor-element-f7de9a0 elementor-widget elementor-widget-spacer\" data-id=\"f7de9a0\" data-element_type=\"widget\" data-e-type=\"widget\" data-widget_type=\"spacer.default\">\n\t\t\t\t<div class=\"elementor-widget-container\">\n\t\t\t\t\t\t\t<div class=\"elementor-spacer\">\n\t\t\t<div class=\"elementor-spacer-inner\"><\/div>\n\t\t<\/div>\n\t\t\t\t\t\t<\/div>\n\t\t\t\t<\/div>\n\t\t\t\t\t<\/div>\n\t\t<\/div>\n\t\t\t\t\t<\/div>\n\t\t<\/section>\n\t\t\t\t<section class=\"has_ae_slider elementor-section elementor-top-section elementor-element elementor-element-a70a822 elementor-section-boxed elementor-section-height-default elementor-section-height-default ae-bg-gallery-type-default\" data-id=\"a70a822\" data-element_type=\"section\" data-e-type=\"section\">\n\t\t\t\t\t\t<div class=\"elementor-container elementor-column-gap-default\">\n\t\t\t\t\t<div class=\"has_ae_slider elementor-column elementor-col-100 elementor-top-column elementor-element elementor-element-300f033 ae-bg-gallery-type-default\" data-id=\"300f033\" data-element_type=\"column\" data-e-type=\"column\">\n\t\t\t<div class=\"elementor-widget-wrap elementor-element-populated\">\n\t\t\t\t\t\t<div class=\"elementor-element elementor-element-c2ef24a elementor-widget elementor-widget-heading\" data-id=\"c2ef24a\" data-element_type=\"widget\" data-e-type=\"widget\" data-widget_type=\"heading.default\">\n\t\t\t\t<div class=\"elementor-widget-container\">\n\t\t\t\t\t<h2 class=\"elementor-heading-title elementor-size-default\">Allgemeine Gesch\u00e4ftsbedingungen<\/h2>\t\t\t\t<\/div>\n\t\t\t\t<\/div>\n\t\t\t\t\t<\/div>\n\t\t<\/div>\n\t\t\t\t\t<\/div>\n\t\t<\/section>\n\t\t\t\t<section class=\"has_ae_slider elementor-section elementor-top-section elementor-element elementor-element-973329c elementor-section-boxed elementor-section-height-default elementor-section-height-default ae-bg-gallery-type-default\" data-id=\"973329c\" data-element_type=\"section\" data-e-type=\"section\">\n\t\t\t\t\t\t<div class=\"elementor-container elementor-column-gap-default\">\n\t\t\t\t\t<div class=\"has_ae_slider elementor-column elementor-col-100 elementor-top-column elementor-element elementor-element-7987cd2 ae-bg-gallery-type-default\" data-id=\"7987cd2\" data-element_type=\"column\" data-e-type=\"column\">\n\t\t\t<div class=\"elementor-widget-wrap elementor-element-populated\">\n\t\t\t\t\t\t<div class=\"elementor-element elementor-element-5c69a76 elementor-widget elementor-widget-heading\" data-id=\"5c69a76\" data-element_type=\"widget\" data-e-type=\"widget\" data-widget_type=\"heading.default\">\n\t\t\t\t<div class=\"elementor-widget-container\">\n\t\t\t\t\t<h3 class=\"elementor-heading-title elementor-size-default\">Hans-J\u00fcrgen Westphal<\/h3>\t\t\t\t<\/div>\n\t\t\t\t<\/div>\n\t\t\t\t\t<\/div>\n\t\t<\/div>\n\t\t\t\t\t<\/div>\n\t\t<\/section>\n\t\t\t\t<section class=\"has_ae_slider elementor-section elementor-top-section elementor-element elementor-element-bd56238 elementor-section-boxed elementor-section-height-default elementor-section-height-default ae-bg-gallery-type-default\" data-id=\"bd56238\" data-element_type=\"section\" data-e-type=\"section\">\n\t\t\t\t\t\t<div class=\"elementor-container elementor-column-gap-default\">\n\t\t\t\t\t<div class=\"has_ae_slider elementor-column elementor-col-100 elementor-top-column elementor-element elementor-element-35cf3ae ae-bg-gallery-type-default\" data-id=\"35cf3ae\" data-element_type=\"column\" data-e-type=\"column\">\n\t\t\t<div class=\"elementor-widget-wrap elementor-element-populated\">\n\t\t\t\t\t\t<section class=\"has_ae_slider elementor-section elementor-inner-section elementor-element elementor-element-98ebca4 elementor-section-boxed elementor-section-height-default elementor-section-height-default ae-bg-gallery-type-default\" data-id=\"98ebca4\" data-element_type=\"section\" data-e-type=\"section\">\n\t\t\t\t\t\t<div class=\"elementor-container elementor-column-gap-default\">\n\t\t\t\t\t<div class=\"has_ae_slider elementor-column elementor-col-50 elementor-inner-column elementor-element elementor-element-53943fe ae-bg-gallery-type-default\" data-id=\"53943fe\" data-element_type=\"column\" data-e-type=\"column\">\n\t\t\t<div class=\"elementor-widget-wrap elementor-element-populated\">\n\t\t\t\t\t\t<div class=\"elementor-element elementor-element-4ae8e46 elementor-widget elementor-widget-heading\" data-id=\"4ae8e46\" data-element_type=\"widget\" data-e-type=\"widget\" data-widget_type=\"heading.default\">\n\t\t\t\t<div class=\"elementor-widget-container\">\n\t\t\t\t\t<h2 class=\"elementor-heading-title elementor-size-default\">1. Vertragspartner\u2028<\/h2>\t\t\t\t<\/div>\n\t\t\t\t<\/div>\n\t\t\t\t<div class=\"elementor-element elementor-element-92f6796 elementor-widget elementor-widget-text-editor\" data-id=\"92f6796\" data-element_type=\"widget\" data-e-type=\"widget\" data-widget_type=\"text-editor.default\">\n\t\t\t\t<div class=\"elementor-widget-container\">\n\t\t\t\t\t\t\t\t\t<p>Auf Grundlage dieser Allgemeinen Gesch\u00e4ftsbedingungen kommt der Kaufvertrag f\u00fcr den Verkauf von Glaskunst und Glasgestaltung sowie Gem\u00e4lden zwischen dem Kunden\/Auftraggeber und<\/p>\n<p><span style=\"font-weight: bold; color: var( --e-global-color-text ); font-size: 1rem;\">Glasatelier Westphal<br \/><\/span><span style=\"color: var( --e-global-color-text ); font-size: 1rem;\">Hans-J\u00fcrgen Westphal<br \/>Brunnenstra\u00dfe 38<br \/>86938 Schondorf am Ammersee<br \/>DEUTSCHLAND<\/span><\/p>\n<p>USt-Ident-Nr.\u00a0 DE 134 972 829\u00a0<\/p>\n<p>zustande.<\/p>\t\t\t\t\t\t\t\t<\/div>\n\t\t\t\t<\/div>\n\t\t\t\t<div class=\"elementor-element elementor-element-cda9591 elementor-widget elementor-widget-heading\" data-id=\"cda9591\" data-element_type=\"widget\" data-e-type=\"widget\" data-widget_type=\"heading.default\">\n\t\t\t\t<div class=\"elementor-widget-container\">\n\t\t\t\t\t<h2 class=\"elementor-heading-title elementor-size-default\">2. Vertragsgegenstand \u2028<\/h2>\t\t\t\t<\/div>\n\t\t\t\t<\/div>\n\t\t\t\t<div class=\"elementor-element elementor-element-a42180d elementor-widget elementor-widget-text-editor\" data-id=\"a42180d\" data-element_type=\"widget\" data-e-type=\"widget\" data-widget_type=\"text-editor.default\">\n\t\t\t\t<div class=\"elementor-widget-container\">\n\t\t\t\t\t\t\t\t\t<p>Verkauft werden Werke von Hans-J\u00fcrgen Westphal. Dies k\u00f6nnen Unikate oder Klein-Serien sein \u2013 gearbeitet in kunsthandwerklicher oder k\u00fcnstlerischer Herstellung.<\/p>\n<p>Die Darstellung der Werke im Online-Shop stellt kein rechtlich bindendes Angebot dar. Die abgebildeten Farben k\u00f6nnen bei der Lieferung abweichen; die angegebenen Ma\u00dfe k\u00f6nnen durch die handwerkliche Arbeit und durch die Arbeit ohne Formwerkzeuge ebenfalls unterschiedlich sein und abweichen.\u00a0<\/p>\t\t\t\t\t\t\t\t<\/div>\n\t\t\t\t<\/div>\n\t\t\t\t<div class=\"elementor-element elementor-element-67e4528 elementor-widget elementor-widget-heading\" data-id=\"67e4528\" data-element_type=\"widget\" data-e-type=\"widget\" data-widget_type=\"heading.default\">\n\t\t\t\t<div class=\"elementor-widget-container\">\n\t\t\t\t\t<h2 class=\"elementor-heading-title elementor-size-default\">3. Preise . Versandkosten . R\u00fccksendekosten<\/h2>\t\t\t\t<\/div>\n\t\t\t\t<\/div>\n\t\t\t\t<div class=\"elementor-element elementor-element-8d79cc1 elementor-widget elementor-widget-text-editor\" data-id=\"8d79cc1\" data-element_type=\"widget\" data-e-type=\"widget\" data-widget_type=\"text-editor.default\">\n\t\t\t\t<div class=\"elementor-widget-container\">\n\t\t\t\t\t\t\t\t\t<p>Alle genannten Preise sind Endpreise und enthalten die gesetzliche Mehrwertsteuer.\u00a0<span style=\"color: var( --e-global-color-text ); font-size: 1rem;\">Die Versandkosten werden nach der Bestellung in der Auftragsbest\u00e4tigung mitgeteilt. S<\/span><span style=\"color: var( --e-global-color-text ); font-size: 1rem;\">ie entsprechen in der Regel \u2013 je nach Gr\u00f6\u00dfe des Versandkartons \u2013\u00a0\u00a0<\/span><span style=\"color: var( --e-global-color-text ); font-size: 1rem;\">den derzeit g\u00fcltigen Versandkosten von DHL oder Hermes.<\/span><\/p>\n<p><span style=\"color: var( --e-global-color-text ); font-size: 1rem;\">Besteht ein Widerrufsrecht und wird von diesem Gebrauch gemacht, <\/span><span style=\"color: var( --e-global-color-text ); font-size: 1rem;\">tr\u00e4gt der Kunde die Kosten der R\u00fccksendung.\u00a0<\/span><\/p>\n<p>Unsere Angebote sind freibleibend.<\/p>\t\t\t\t\t\t\t\t<\/div>\n\t\t\t\t<\/div>\n\t\t\t\t<div class=\"elementor-element elementor-element-8549efc elementor-widget elementor-widget-heading\" data-id=\"8549efc\" data-element_type=\"widget\" data-e-type=\"widget\" data-widget_type=\"heading.default\">\n\t\t\t\t<div class=\"elementor-widget-container\">\n\t\t\t\t\t<h2 class=\"elementor-heading-title elementor-size-default\">4. Zahlungsbedingungen <\/h2>\t\t\t\t<\/div>\n\t\t\t\t<\/div>\n\t\t\t\t<div class=\"elementor-element elementor-element-ec73d6b elementor-widget elementor-widget-text-editor\" data-id=\"ec73d6b\" data-element_type=\"widget\" data-e-type=\"widget\" data-widget_type=\"text-editor.default\">\n\t\t\t\t<div class=\"elementor-widget-container\">\n\t\t\t\t\t\t\t\t\t<p>Der Kunde hat ausschlie\u00dflich folgende Zahlungsm\u00f6glichkeiten:<\/p>\n<p>\u2013 Vorauszahlung des Rechnungsbetrages<br \/><span style=\"color: var( --e-global-color-text ); font-size: 1rem;\">\u2013 Barzahlung bei Abholung.\u00a0<\/span><\/p>\n<p>Andere Zahlungsarten werden nicht angeboten.<\/p>\n<p><span style=\"color: var( --e-global-color-text ); font-size: 1rem;\">Der Rechnungsversand erfolgt per E-Mail. Der Rechnungsbetrag ist nach Zugang der Rechnung als\u00a0<\/span><span style=\"color: var( --e-global-color-text ); font-size: 1rem;\">Vorauszahlung\u00a0<\/span><span style=\"color: var( --e-global-color-text ); font-size: 1rem;\">innerhalb von 14 Tagen nach Erhalt\u00a0<\/span><span style=\"color: var( --e-global-color-text ); font-size: 1rem;\">auf das angegebene Konto zu \u00fcberweisen.\u00a0<\/span><\/p>\t\t\t\t\t\t\t\t<\/div>\n\t\t\t\t<\/div>\n\t\t\t\t<div class=\"elementor-element elementor-element-cffa7bf elementor-widget elementor-widget-heading\" data-id=\"cffa7bf\" data-element_type=\"widget\" data-e-type=\"widget\" data-widget_type=\"heading.default\">\n\t\t\t\t<div class=\"elementor-widget-container\">\n\t\t\t\t\t<h2 class=\"elementor-heading-title elementor-size-default\">5. Lieferbedingungen<\/h2>\t\t\t\t<\/div>\n\t\t\t\t<\/div>\n\t\t\t\t<div class=\"elementor-element elementor-element-4b26b4e elementor-widget elementor-widget-text-editor\" data-id=\"4b26b4e\" data-element_type=\"widget\" data-e-type=\"widget\" data-widget_type=\"text-editor.default\">\n\t\t\t\t<div class=\"elementor-widget-container\">\n\t\t\t\t\t\t\t\t\t<p>Wir liefern die Ware nach Zahlungseingang innerhalb der vereinbarten\u00a0<span style=\"color: var( --e-global-color-text ); font-size: 1rem;\">Lieferzeit.<\/span><\/p>\n<p><span style=\"color: var( --e-global-color-text ); font-size: 1rem;\">Die Werke werden nach Fertigstellung mit DHL oder Hermes versendet.\u00a0<\/span><\/p>\n<p>Werke aus dem Bestand werden innerhalb von 4 Werktagen\u00a0<span style=\"color: var( --e-global-color-text ); font-size: 1rem;\">mit DHL oder Hermes versendet.\u00a0<\/span><\/p>\n<p><span style=\"color: var( --e-global-color-text ); font-size: 1rem;\">In der Regel betr\u00e4gt der Paketversand \u2013\u00a0<\/span><span style=\"color: var( --e-global-color-text ); font-size: 1rem;\">Laufzeit \/ Lieferzeit \u2013 ca.\u00a0<\/span><span style=\"color: var( --e-global-color-text ); font-size: 1rem;\">f\u00fcnf Tage.<\/span><\/p>\t\t\t\t\t\t\t\t<\/div>\n\t\t\t\t<\/div>\n\t\t\t\t<div class=\"elementor-element elementor-element-8c02ec8 elementor-widget elementor-widget-heading\" data-id=\"8c02ec8\" data-element_type=\"widget\" data-e-type=\"widget\" data-widget_type=\"heading.default\">\n\t\t\t\t<div class=\"elementor-widget-container\">\n\t\t\t\t\t<h2 class=\"elementor-heading-title elementor-size-default\">6. Vorbehalte<span style=\"font-size: 1.2em;letter-spacing: 0.1px\"><\/span><br><\/h2>\t\t\t\t<\/div>\n\t\t\t\t<\/div>\n\t\t\t\t<div class=\"elementor-element elementor-element-8dacfd8 elementor-widget elementor-widget-text-editor\" data-id=\"8dacfd8\" data-element_type=\"widget\" data-e-type=\"widget\" data-widget_type=\"text-editor.default\">\n\t\t\t\t<div class=\"elementor-widget-container\">\n\t\t\t\t\t\t\t\t\t<p>Der Anbieter, Hans- J\u00fcrgen Westphal, beh\u00e4lt sich vor, von zugesagten Leistungen zur\u00fcckzutreten, soweit dazu notwendiges Material nicht verf\u00fcgbar ist. Durch den Kunden im Voraus gezahlte Betr\u00e4ge werden zur\u00fcckerstattet.<\/p>\t\t\t\t\t\t\t\t<\/div>\n\t\t\t\t<\/div>\n\t\t\t\t<div class=\"elementor-element elementor-element-569b085 elementor-widget elementor-widget-heading\" data-id=\"569b085\" data-element_type=\"widget\" data-e-type=\"widget\" data-widget_type=\"heading.default\">\n\t\t\t\t<div class=\"elementor-widget-container\">\n\t\t\t\t\t<h2 class=\"elementor-heading-title elementor-size-default\">7. Eigentumsvorbehalt<span style=\"font-size: 1.2em;letter-spacing: 0.1px\"><\/span><br><\/h2>\t\t\t\t<\/div>\n\t\t\t\t<\/div>\n\t\t\t\t<div class=\"elementor-element elementor-element-4232d12 elementor-widget elementor-widget-text-editor\" data-id=\"4232d12\" data-element_type=\"widget\" data-e-type=\"widget\" data-widget_type=\"text-editor.default\">\n\t\t\t\t<div class=\"elementor-widget-container\">\n\t\t\t\t\t\t\t\t\t<h2 class=\"elementor-heading-title elementor-size-default elementor-inline-editing pen\" style=\"color: #2a75a1; font-size: 1.2em;\" data-elementor-setting-key=\"title\" data-pen-placeholder=\"Eingabe hier...\"><span style=\"color: #53555a; font-size: 16px; letter-spacing: normal; white-space: normal;\">Die Ware bleibt bis zur vollst\u00e4ndigen Bezahlung unser Eigentum.<\/span><\/h2>\t\t\t\t\t\t\t\t<\/div>\n\t\t\t\t<\/div>\n\t\t\t\t\t<\/div>\n\t\t<\/div>\n\t\t\t\t<div class=\"has_ae_slider elementor-column elementor-col-50 elementor-inner-column elementor-element elementor-element-84dae9d ae-bg-gallery-type-default\" data-id=\"84dae9d\" data-element_type=\"column\" data-e-type=\"column\">\n\t\t\t<div class=\"elementor-widget-wrap elementor-element-populated\">\n\t\t\t\t\t\t<div class=\"elementor-element elementor-element-eaadc8a elementor-widget elementor-widget-heading\" data-id=\"eaadc8a\" data-element_type=\"widget\" data-e-type=\"widget\" data-widget_type=\"heading.default\">\n\t\t\t\t<div class=\"elementor-widget-container\">\n\t\t\t\t\t<h2 class=\"elementor-heading-title elementor-size-default\">8. Widerrufsrecht<\/h2>\t\t\t\t<\/div>\n\t\t\t\t<\/div>\n\t\t\t\t<div class=\"elementor-element elementor-element-58ea9d8 elementor-widget elementor-widget-text-editor\" data-id=\"58ea9d8\" data-element_type=\"widget\" data-e-type=\"widget\" data-widget_type=\"text-editor.default\">\n\t\t\t\t<div class=\"elementor-widget-container\">\n\t\t\t\t\t\t\t\t\t<p>Dem Kunden\/Auftraggeber steht nach Ma\u00dfgabe der gesetzlichen Bestimmungen ein Widerrufsrecht zu.<\/p>\n<p>Er hat das Recht, einen abgeschlossenen Vertrag\/eine Bestellung binnen vierzehn Tagen ohne Angabe von Gr\u00fcnden zu widerrufen.<\/p>\n<p>Die Widerrufsfrist betr\u00e4gt vierzehn Tage ab dem Tag, an dem er oder ein von ihm benannter Dritter die Werke in Besitz genommen hat.<\/p>\n<p>Macht der\u00a0<span style=\"color: var( --e-global-color-text ); font-size: 1rem;\">Kunde\/Auftraggeber<\/span><span style=\"color: var( --e-global-color-text ); font-size: 1rem;\">\u00a0von seinem Widerrufsrecht Gebrauch, so hat, soweit er die Ware bereits erhalten hat, diese unverz\u00fcglich zur\u00fcckzugeben. Er tr\u00e4gt die\u00a0<\/span><span style=\"color: var( --e-global-color-text ); font-size: 1rem;\">Kosten der R\u00fccksendung.<\/span><\/p>\n<p><span style=\"color: var( --e-global-color-text ); font-size: 1rem;\">Der\u00a0<\/span><span style=\"color: var( --e-global-color-text ); font-size: 1rem;\">Kunde\/Auftraggeber \u00fcbt sein\u00a0<\/span>Widerrufsrecht aus, indem er das<\/p>\n<p><span style=\"font-weight: bold; color: var( --e-global-color-text ); font-size: 1rem;\">Glasatelier Westphal<br \/><\/span><span style=\"color: var( --e-global-color-text ); font-size: 1rem;\">Hans- J\u00fcrgen Westphal<br \/><\/span><span style=\"color: var( --e-global-color-text ); font-size: 1rem;\">Brunnenstra\u00dfe 38<br \/><\/span><span style=\"color: var( --e-global-color-text ); font-size: 1rem;\">86938 Schondorf am Ammersee<br \/><\/span><span style=\"color: var( --e-global-color-text ); font-size: 1rem;\">DEUTSCHLAND<\/span><\/p>\n<p>mail@glasatelier-westphal.de<\/p>\n<p>\u00fcber seinen Entschluss\u00a0<span style=\"color: var( --e-global-color-text ); font-size: 1rem;\">informiert<\/span><span style=\"color: var( --e-global-color-text ); font-size: 1rem;\">, den abgeschlossenen Vertrag\/die Bestellung zu widerrufen.<\/span><\/p>\n<p>Zur Wahrung der Widerrufsfrist reicht es aus, dass die Mitteilung \u00fcber die Aus\u00fcbung des Widerrufsrechts vor Ablauf der Widerrufsfrist versandt wird.<\/p>\n<p><b>Folgen des Widerrufs<\/b><\/p>\n<p>Wird ein Vertrag\/eine Bestellung widerrufen, sind wir verpflichtet, s\u00e4mtliche\u00a0 Zahlungen, die wir erhalten haben,\u00a0<span style=\"color: var( --e-global-color-text ); font-size: 1rem;\">unverz\u00fcglich und sp\u00e4testens binnen vierzehn Tagen ab dem Tag zur\u00fcckzuzahlen, an dem die Mitteilung \u00fcber den Widerruf bei uns eingegangen ist \u2013<\/span><span style=\"color: var( --e-global-color-text ); font-size: 1rem;\">einschlie\u00dflich der Lieferkosten, jedoch mit Ausnahme der zus\u00e4tzlichen Kosten, die sich daraus ergeben, dass eine andere Art der Lieferung als die von uns angebotene, g\u00fcnstigste Standardlieferung gew\u00e4hlt wurde. F\u00fcr diese R\u00fcckzahlung verwenden wir dasselbe Zahlungsmittel, das bei der urspr\u00fcnglichen Transaktion eingesetzt wurde, es sei denn, es wurde ausdr\u00fccklich etwas anderes vereinbart; in keinem Fall werden wegen dieser R\u00fcckzahlung Entgelte berechnet. Wir k\u00f6nnen die R\u00fcckzahlung zur\u00fcckhalten, bis wir die Ware wieder zur\u00fcckerhalten haben oder der Nachweis erbracht wurde, dass die Waren zur\u00fcckgesandt wurde \u2013 je nachdem, welches der fr\u00fchere Zeitpunkt ist.<\/span><\/p>\n<p>Die Ware muss unverz\u00fcglich binnen vierzehn Tagen ab dem Tag, an dem wir \u00fcber den Widerruf des Vertrages\/der Bestellung unterrichtet wurden, an das<\/p>\n<p><b>Glasatelier Westphal<\/b><br \/>Hans- J\u00fcrgen Westphal<br \/>Brunnenstra\u00dfe 38<br \/>86938 Schondorf am Ammersee<br \/>DEUTSCHLAND<b><br \/><\/b><\/p>\n<p>zur\u00fcckgesandt oder \u00fcbergeben werden. Die Frist ist gewahrt, wenn die Ware vor Ablauf der Frist von vierzehn Tagen versandt wurde.<\/p>\n<p>Der Kunde\/Auftraggeber tr\u00e4gt die unmittelbaren Kosten, die aus der R\u00fccksendung der Ware entstehen.<\/p>\n<p><span style=\"color: var( --e-global-color-text ); font-size: 1rem;\">Der Kunde\/Auftraggeber\u00a0<\/span>muss f\u00fcr einen etwaigen Wertverlust der Ware aufkommen, soweit dieser nach Pr\u00fcfung der Beschaffenheit, Eigenschaften und Funktionsweise der Ware erkennbar auf unsachgem\u00e4\u00dfen Umgang zur\u00fcckzuf\u00fchren ist.<\/p>\t\t\t\t\t\t\t\t<\/div>\n\t\t\t\t<\/div>\n\t\t\t\t<div class=\"elementor-element elementor-element-7a5070f elementor-widget elementor-widget-heading\" data-id=\"7a5070f\" data-element_type=\"widget\" data-e-type=\"widget\" data-widget_type=\"heading.default\">\n\t\t\t\t<div class=\"elementor-widget-container\">\n\t\t\t\t\t<h2 class=\"elementor-heading-title elementor-size-default\">9. Sprache . Gerichtsstand . anzuwendendes Recht<\/h2>\t\t\t\t<\/div>\n\t\t\t\t<\/div>\n\t\t\t\t<div class=\"elementor-element elementor-element-7f157d7 elementor-widget elementor-widget-text-editor\" data-id=\"7f157d7\" data-element_type=\"widget\" data-e-type=\"widget\" data-widget_type=\"text-editor.default\">\n\t\t\t\t<div class=\"elementor-widget-container\">\n\t\t\t\t\t\t\t\t\t<p>Vertr\u00e4ge\/Bestellungen werden in Deutsch abgefasst; ihre\u00a0<span style=\"color: var( --e-global-color-text ); font-size: 1rem;\">weitere Durchf\u00fchrung erfolgt in Deutsch.\u00a0<\/span><\/p>\n<p><span style=\"color: var( --e-global-color-text ); font-size: 1rem;\">Es findet ausschlie\u00dflich deutsches Recht Anwendung.<\/span><\/p>\n<p>Gerichtsstand ist Schondorf am Ammersee.<\/p>\t\t\t\t\t\t\t\t<\/div>\n\t\t\t\t<\/div>\n\t\t\t\t<div class=\"elementor-element elementor-element-69720d0 elementor-widget elementor-widget-heading\" data-id=\"69720d0\" data-element_type=\"widget\" data-e-type=\"widget\" data-widget_type=\"heading.default\">\n\t\t\t\t<div class=\"elementor-widget-container\">\n\t\t\t\t\t<h2 class=\"elementor-heading-title elementor-size-default\">10. Salvatorische Klausel<\/h2>\t\t\t\t<\/div>\n\t\t\t\t<\/div>\n\t\t\t\t<div class=\"elementor-element elementor-element-97c21f7 elementor-widget elementor-widget-text-editor\" data-id=\"97c21f7\" data-element_type=\"widget\" data-e-type=\"widget\" data-widget_type=\"text-editor.default\">\n\t\t\t\t<div class=\"elementor-widget-container\">\n\t\t\t\t\t\t\t\t\t<p>Die Unwirksamkeit einer Bestimmung dieser AGB hat keine Auswirkungen auf die Wirksamkeit der sonstigen Bestimmungen.<\/p>\t\t\t\t\t\t\t\t<\/div>\n\t\t\t\t<\/div>\n\t\t\t\t\t<\/div>\n\t\t<\/div>\n\t\t\t\t\t<\/div>\n\t\t<\/section>\n\t\t\t\t\t<\/div>\n\t\t<\/div>\n\t\t\t\t\t<\/div>\n\t\t<\/section>\n\t\t\t\t<\/div>\n\t\t","protected":false},"excerpt":{"rendered":"<p>Allgemeine Gesch\u00e4ftsbedingungen Hans-J\u00fcrgen Westphal 1. Vertragspartner\u2028 Auf Grundlage dieser Allgemeinen Gesch\u00e4ftsbedingungen kommt der Kaufvertrag f\u00fcr den Verkauf von Glaskunst und Glasgestaltung sowie Gem\u00e4lden zwischen dem Kunden\/Auftraggeber und Glasatelier Westphal Hans-J\u00fcrgen Westphal Brunnenstra\u00dfe 38 86938 Schondorf am Ammersee DEUTSCHLAND USt-Ident-Nr.\u00a0 DE 134 972 829\u00a0 zustande. 2. Vertragsgegenstand \u2028 Verkauft werden Werke von Hans-J\u00fcrgen Westphal. Dies k\u00f6nnen [&hellip;]<\/p>\n","protected":false},"author":1,"featured_media":0,"parent":0,"menu_order":16,"comment_status":"closed","ping_status":"closed","template":"elementor_header_footer","meta":{"_acf_changed":false,"inline_featured_image":false,"footnotes":""},"class_list":["post-514","page","type-page","status-publish","hentry"],"acf":[],"_links":{"self":[{"href":"https:\/\/glasatelier-westphal.de\/de\/wp-json\/wp\/v2\/pages\/514","targetHints":{"allow":["GET"]}}],"collection":[{"href":"https:\/\/glasatelier-westphal.de\/de\/wp-json\/wp\/v2\/pages"}],"about":[{"href":"https:\/\/glasatelier-westphal.de\/de\/wp-json\/wp\/v2\/types\/page"}],"author":[{"embeddable":true,"href":"https:\/\/glasatelier-westphal.de\/de\/wp-json\/wp\/v2\/users\/1"}],"replies":[{"embeddable":true,"href":"https:\/\/glasatelier-westphal.de\/de\/wp-json\/wp\/v2\/comments?post=514"}],"version-history":[{"count":5,"href":"https:\/\/glasatelier-westphal.de\/de\/wp-json\/wp\/v2\/pages\/514\/revisions"}],"predecessor-version":[{"id":5662,"href":"https:\/\/glasatelier-westphal.de\/de\/wp-json\/wp\/v2\/pages\/514\/revisions\/5662"}],"wp:attachment":[{"href":"https:\/\/glasatelier-westphal.de\/de\/wp-json\/wp\/v2\/media?parent=514"}],"curies":[{"name":"wp","href":"https:\/\/api.w.org\/{rel}","templated":true}]}}