{"id":516,"date":"2020-06-11T15:56:13","date_gmt":"2020-06-11T13:56:13","guid":{"rendered":"https:\/\/khhd.preview.tammen.de\/?page_id=516"},"modified":"2022-05-20T18:17:11","modified_gmt":"2022-05-20T16:17:11","slug":"impressum","status":"publish","type":"page","link":"https:\/\/glasatelier-westphal.de\/de\/impressum\/","title":{"rendered":"Impressum"},"content":{"rendered":"\t\t<div data-elementor-type=\"wp-page\" data-elementor-id=\"516\" class=\"elementor elementor-516\" data-elementor-post-type=\"page\">\n\t\t\t\t\t\t<section class=\"has_ae_slider elementor-section elementor-top-section elementor-element elementor-element-6ec90f3 elementor-section-height-min-height elementor-section-boxed elementor-section-height-default elementor-section-items-middle ae-bg-gallery-type-default\" data-id=\"6ec90f3\" data-element_type=\"section\" data-e-type=\"section\" data-settings=\"{&quot;background_background&quot;:&quot;classic&quot;}\">\n\t\t\t\t\t\t<div class=\"elementor-container elementor-column-gap-default\">\n\t\t\t\t\t<div class=\"has_ae_slider elementor-column elementor-col-100 elementor-top-column elementor-element elementor-element-eb427ee ae-bg-gallery-type-default\" data-id=\"eb427ee\" data-element_type=\"column\" data-e-type=\"column\">\n\t\t\t<div class=\"elementor-widget-wrap\">\n\t\t\t\t\t\t\t<\/div>\n\t\t<\/div>\n\t\t\t\t\t<\/div>\n\t\t<\/section>\n\t\t\t\t<section class=\"has_ae_slider elementor-section elementor-top-section elementor-element elementor-element-8f39122 elementor-section-boxed elementor-section-height-default elementor-section-height-default ae-bg-gallery-type-default\" data-id=\"8f39122\" data-element_type=\"section\" data-e-type=\"section\">\n\t\t\t\t\t\t<div class=\"elementor-container elementor-column-gap-default\">\n\t\t\t\t\t<div class=\"has_ae_slider elementor-column elementor-col-100 elementor-top-column elementor-element elementor-element-d3d9819 ae-bg-gallery-type-default\" data-id=\"d3d9819\" data-element_type=\"column\" data-e-type=\"column\">\n\t\t\t<div class=\"elementor-widget-wrap elementor-element-populated\">\n\t\t\t\t\t\t<div class=\"elementor-element elementor-element-af1171e elementor-widget elementor-widget-spacer\" data-id=\"af1171e\" data-element_type=\"widget\" data-e-type=\"widget\" data-widget_type=\"spacer.default\">\n\t\t\t\t<div class=\"elementor-widget-container\">\n\t\t\t\t\t\t\t<div class=\"elementor-spacer\">\n\t\t\t<div class=\"elementor-spacer-inner\"><\/div>\n\t\t<\/div>\n\t\t\t\t\t\t<\/div>\n\t\t\t\t<\/div>\n\t\t\t\t\t<\/div>\n\t\t<\/div>\n\t\t\t\t\t<\/div>\n\t\t<\/section>\n\t\t\t\t<section class=\"has_ae_slider elementor-section elementor-top-section elementor-element elementor-element-bdb33c2 elementor-section-boxed elementor-section-height-default elementor-section-height-default ae-bg-gallery-type-default\" data-id=\"bdb33c2\" data-element_type=\"section\" data-e-type=\"section\">\n\t\t\t\t\t\t<div class=\"elementor-container elementor-column-gap-default\">\n\t\t\t\t\t<div class=\"has_ae_slider elementor-column elementor-col-100 elementor-top-column elementor-element elementor-element-9af72a6 ae-bg-gallery-type-default\" data-id=\"9af72a6\" data-element_type=\"column\" data-e-type=\"column\">\n\t\t\t<div class=\"elementor-widget-wrap elementor-element-populated\">\n\t\t\t\t\t\t<div class=\"elementor-element elementor-element-0a2e025 elementor-widget elementor-widget-heading\" data-id=\"0a2e025\" data-element_type=\"widget\" data-e-type=\"widget\" data-widget_type=\"heading.default\">\n\t\t\t\t<div class=\"elementor-widget-container\">\n\t\t\t\t\t<h2 class=\"elementor-heading-title elementor-size-default\">Impressum<\/h2>\t\t\t\t<\/div>\n\t\t\t\t<\/div>\n\t\t\t\t\t<\/div>\n\t\t<\/div>\n\t\t\t\t\t<\/div>\n\t\t<\/section>\n\t\t\t\t<section class=\"has_ae_slider elementor-section elementor-top-section elementor-element elementor-element-bd56238 elementor-section-boxed elementor-section-height-default elementor-section-height-default ae-bg-gallery-type-default\" data-id=\"bd56238\" data-element_type=\"section\" data-e-type=\"section\">\n\t\t\t\t\t\t<div class=\"elementor-container elementor-column-gap-default\">\n\t\t\t\t\t<div class=\"has_ae_slider elementor-column elementor-col-100 elementor-top-column elementor-element elementor-element-35cf3ae ae-bg-gallery-type-default\" data-id=\"35cf3ae\" data-element_type=\"column\" data-e-type=\"column\">\n\t\t\t<div class=\"elementor-widget-wrap elementor-element-populated\">\n\t\t\t\t\t\t<section class=\"has_ae_slider elementor-section elementor-inner-section elementor-element elementor-element-07a1bee elementor-section-boxed elementor-section-height-default elementor-section-height-default ae-bg-gallery-type-default\" data-id=\"07a1bee\" data-element_type=\"section\" data-e-type=\"section\">\n\t\t\t\t\t\t<div class=\"elementor-container elementor-column-gap-default\">\n\t\t\t\t\t<div class=\"has_ae_slider elementor-column elementor-col-50 elementor-inner-column elementor-element elementor-element-ac9693f ae-bg-gallery-type-default\" data-id=\"ac9693f\" data-element_type=\"column\" data-e-type=\"column\">\n\t\t\t<div class=\"elementor-widget-wrap elementor-element-populated\">\n\t\t\t\t\t\t<div class=\"elementor-element elementor-element-56a191f elementor-widget elementor-widget-heading\" data-id=\"56a191f\" data-element_type=\"widget\" data-e-type=\"widget\" data-widget_type=\"heading.default\">\n\t\t\t\t<div class=\"elementor-widget-container\">\n\t\t\t\t\t<h2 class=\"elementor-heading-title elementor-size-default\">BETREIBER<\/h2>\t\t\t\t<\/div>\n\t\t\t\t<\/div>\n\t\t\t\t<div class=\"elementor-element elementor-element-dbb31f7 elementor-widget elementor-widget-text-editor\" data-id=\"dbb31f7\" data-element_type=\"widget\" data-e-type=\"widget\" data-widget_type=\"text-editor.default\">\n\t\t\t\t<div class=\"elementor-widget-container\">\n\t\t\t\t\t\t\t\t\t<p><strong>Hans-J\u00fcrgen Westphal<br \/><\/strong>Brunnenstra\u00dfe 38<br \/>86938 Schondorf am Ammersee<br \/>Deutschland<\/p><p>+49 . 81 92 . 99 83 661<br \/><a title=\"Mail\" href=\"mailto:mail:mail@glasatelier-westphal.de\" target=\"_blank\" rel=\"noopener\">mail@glasatelier-westphal.de<\/a><br \/><a title=\"Internet\" href=\"http:\/\/www.glasatelier-westphal.de\" target=\"_blank\" rel=\"noopener\">www.glasatelier-westphal.de<\/a><\/p>\t\t\t\t\t\t\t\t<\/div>\n\t\t\t\t<\/div>\n\t\t\t\t<div class=\"elementor-element elementor-element-b57cc07 elementor-widget elementor-widget-heading\" data-id=\"b57cc07\" data-element_type=\"widget\" data-e-type=\"widget\" data-widget_type=\"heading.default\">\n\t\t\t\t<div class=\"elementor-widget-container\">\n\t\t\t\t\t<h2 class=\"elementor-heading-title elementor-size-default\">KONZEPT . GESTALTUNG . PROGRAMMIERUNG<\/h2>\t\t\t\t<\/div>\n\t\t\t\t<\/div>\n\t\t\t\t<div class=\"elementor-element elementor-element-afc2538 elementor-widget elementor-widget-text-editor\" data-id=\"afc2538\" data-element_type=\"widget\" data-e-type=\"widget\" data-widget_type=\"text-editor.default\">\n\t\t\t\t<div class=\"elementor-widget-container\">\n\t\t\t\t\t\t\t\t\t<p>TAMMEN GMBH<br \/>Werbeagentur . Unternehmensberatung<br \/>Natruper Stra\u00dfe 15 A . 49076 Osnabr\u00fcck . Deutschland<br \/>+49 . 541 T 9 400 400 . F 9 400 450\u00a0<br \/><span style=\"font-size: 1rem;\"><a href=\"mailto:info@tammen.de\">info@tammen.de<\/a> . <a href=\"http:\/\/www.tammen.de\">www.tammen.de<\/a>\u00a0\u00a0<\/span><\/p>\t\t\t\t\t\t\t\t<\/div>\n\t\t\t\t<\/div>\n\t\t\t\t\t<\/div>\n\t\t<\/div>\n\t\t\t\t<div class=\"has_ae_slider elementor-column elementor-col-50 elementor-inner-column elementor-element elementor-element-cc786e6 ae-bg-gallery-type-default\" data-id=\"cc786e6\" data-element_type=\"column\" data-e-type=\"column\">\n\t\t\t<div class=\"elementor-widget-wrap elementor-element-populated\">\n\t\t\t\t\t\t<div class=\"elementor-element elementor-element-8eb9dfa elementor-widget elementor-widget-heading\" data-id=\"8eb9dfa\" data-element_type=\"widget\" data-e-type=\"widget\" data-widget_type=\"heading.default\">\n\t\t\t\t<div class=\"elementor-widget-container\">\n\t\t\t\t\t<h2 class=\"elementor-heading-title elementor-size-default\">BILDNACHWEISE<\/h2>\t\t\t\t<\/div>\n\t\t\t\t<\/div>\n\t\t\t\t<div class=\"elementor-element elementor-element-4e08669 elementor-widget elementor-widget-text-editor\" data-id=\"4e08669\" data-element_type=\"widget\" data-e-type=\"widget\" data-widget_type=\"text-editor.default\">\n\t\t\t\t<div class=\"elementor-widget-container\">\n\t\t\t\t\t\t\t\t\t<p><span style=\"color: #141412; font-family: 'Open Sans', Helvetica, 'Helvetica Neue', Arial, 'Nimbus Sans L', sans-serif; caret-color: #141412; font-size: 1rem;\">Hans-J\u00fcrgen Westphal<br \/><\/span><span style=\"color: #141412; font-family: 'Open Sans', Helvetica, 'Helvetica Neue', Arial, 'Nimbus Sans L', sans-serif; caret-color: #141412; font-size: 1rem;\">Monika Goecke . <\/span><span style=\"color: var( --e-global-color-text ); font-size: 1rem;\">TAMMEN GMBH<\/span><\/p>\t\t\t\t\t\t\t\t<\/div>\n\t\t\t\t<\/div>\n\t\t\t\t<div class=\"elementor-element elementor-element-a6b0d15 elementor-widget elementor-widget-heading\" data-id=\"a6b0d15\" data-element_type=\"widget\" data-e-type=\"widget\" data-widget_type=\"heading.default\">\n\t\t\t\t<div class=\"elementor-widget-container\">\n\t\t\t\t\t<h2 class=\"elementor-heading-title elementor-size-default\">URHEBERRECHT<\/h2>\t\t\t\t<\/div>\n\t\t\t\t<\/div>\n\t\t\t\t<div class=\"elementor-element elementor-element-b9a77db elementor-widget elementor-widget-text-editor\" data-id=\"b9a77db\" data-element_type=\"widget\" data-e-type=\"widget\" data-widget_type=\"text-editor.default\">\n\t\t\t\t<div class=\"elementor-widget-container\">\n\t\t\t\t\t\t\t\t\t<p>Die Inhalte auf diesen Seiten unterliegen dem deutschen Urheberrecht. Die Vervielf\u00e4ltigung, Bearbeitung, Verbreitung und jede Art der Verwertung au\u00dferhalb der Grenzen des Urheberrechts bed\u00fcrfen der schriftlichen Zustimmung des Seitenbetreibers. Downloads und Kopien dieser Seiten sind f\u00fcr kommerziellen Gebrauch oder Verwendung nicht gestattet.<\/p>\t\t\t\t\t\t\t\t<\/div>\n\t\t\t\t<\/div>\n\t\t\t\t<div class=\"elementor-element elementor-element-41b3a85 elementor-widget elementor-widget-heading\" data-id=\"41b3a85\" data-element_type=\"widget\" data-e-type=\"widget\" data-widget_type=\"heading.default\">\n\t\t\t\t<div class=\"elementor-widget-container\">\n\t\t\t\t\t<h2 class=\"elementor-heading-title elementor-size-default\">HAFTUNGSAUSSCHLUSS<\/h2>\t\t\t\t<\/div>\n\t\t\t\t<\/div>\n\t\t\t\t<div class=\"elementor-element elementor-element-54c7f16 elementor-widget elementor-widget-text-editor\" data-id=\"54c7f16\" data-element_type=\"widget\" data-e-type=\"widget\" data-widget_type=\"text-editor.default\">\n\t\t\t\t<div class=\"elementor-widget-container\">\n\t\t\t\t\t\t\t\t\t<p>Mit Urteil vom 12. Mai 1998 &#8211; 312 O 85\/98 &#8211; &#8222;Haftung f\u00fcr Links&#8220; hat das Landgericht (LG) Hamburg entschieden, dass man durch das Setzen eines Links, die Inhalte der gelinkten Seite ggf. mit zu verantworten hat. Dies kann &#8211; so das LG &#8211; nur dadurch verhindert werden, dass man sich ausdr\u00fccklich von diesen Inhalten distanziert.<\/p><p>&#8222;Hiermit distanzieren wir uns ausdr\u00fccklich von den verlinkten Seiten!&#8220;<\/p><p>\u00a0<\/p>\t\t\t\t\t\t\t\t<\/div>\n\t\t\t\t<\/div>\n\t\t<!-- dce invisible element 8a063a9 --><!-- dce invisible element f237e89 -->\t\t\t<\/div>\n\t\t<\/div>\n\t\t\t\t\t<\/div>\n\t\t<\/section>\n\t\t\t\t\t<\/div>\n\t\t<\/div>\n\t\t\t\t\t<\/div>\n\t\t<\/section>\n\t\t\t\t<\/div>\n\t\t","protected":false},"excerpt":{"rendered":"<p>Impressum BETREIBER Hans-J\u00fcrgen WestphalBrunnenstra\u00dfe 3886938 Schondorf am AmmerseeDeutschland +49 . 81 92 . 99 83 661mail@glasatelier-westphal.dewww.glasatelier-westphal.de KONZEPT . GESTALTUNG . PROGRAMMIERUNG TAMMEN GMBHWerbeagentur . UnternehmensberatungNatruper Stra\u00dfe 15 A . 49076 Osnabr\u00fcck . Deutschland+49 . 541 T 9 400 400 . F 9 400 450\u00a0info@tammen.de . www.tammen.de\u00a0\u00a0 BILDNACHWEISE Hans-J\u00fcrgen WestphalMonika Goecke . TAMMEN GMBH URHEBERRECHT Die [&hellip;]<\/p>\n","protected":false},"author":1,"featured_media":0,"parent":0,"menu_order":15,"comment_status":"closed","ping_status":"closed","template":"elementor_header_footer","meta":{"_acf_changed":false,"inline_featured_image":false,"footnotes":""},"class_list":["post-516","page","type-page","status-publish","hentry"],"acf":[],"_links":{"self":[{"href":"https:\/\/glasatelier-westphal.de\/de\/wp-json\/wp\/v2\/pages\/516","targetHints":{"allow":["GET"]}}],"collection":[{"href":"https:\/\/glasatelier-westphal.de\/de\/wp-json\/wp\/v2\/pages"}],"about":[{"href":"https:\/\/glasatelier-westphal.de\/de\/wp-json\/wp\/v2\/types\/page"}],"author":[{"embeddable":true,"href":"https:\/\/glasatelier-westphal.de\/de\/wp-json\/wp\/v2\/users\/1"}],"replies":[{"embeddable":true,"href":"https:\/\/glasatelier-westphal.de\/de\/wp-json\/wp\/v2\/comments?post=516"}],"version-history":[{"count":5,"href":"https:\/\/glasatelier-westphal.de\/de\/wp-json\/wp\/v2\/pages\/516\/revisions"}],"predecessor-version":[{"id":4847,"href":"https:\/\/glasatelier-westphal.de\/de\/wp-json\/wp\/v2\/pages\/516\/revisions\/4847"}],"wp:attachment":[{"href":"https:\/\/glasatelier-westphal.de\/de\/wp-json\/wp\/v2\/media?parent=516"}],"curies":[{"name":"wp","href":"https:\/\/api.w.org\/{rel}","templated":true}]}}